{"id":12286,"date":"2023-02-24T13:27:23","date_gmt":"2023-02-24T16:27:23","guid":{"rendered":"http:\/\/www.eam.iua.edu.ar\/eam\/?page_id=12286"},"modified":"2026-02-20T10:52:33","modified_gmt":"2026-02-20T13:52:33","slug":"quiero-ser-soldado-voluntario","status":"publish","type":"page","link":"http:\/\/www.eam.iua.edu.ar\/eam\/quiero-ser-soldado-voluntario\/","title":{"rendered":"Quiero Ser Soldado Voluntario"},"content":{"rendered":"<p>[vc_row css=\u00bb.vc_custom_1629486439530{padding-right: 2em !important;}\u00bb][vc_column]<div class=\"sc_section\"><div class=\"sc_section_inner\"><div class=\"sc_infobox sc_infobox_style_regular sc_infobox_iconed icon-book\"><span class=\"sc_icon icon-user sc_icon_shape_round aligncenter\" style=\"font-size:2em; line-height: 1.2em;\"><\/span>[vc_empty_space height=\u00bb3em\u00bb][vc_column_text css=\u00bb.vc_custom_1771595390759{padding-right: 2em !important;padding-left: 1em !important;}\u00bb]<\/p>\n<h4 style=\"text-align: center;\"><span style=\"text-decoration: underline;\">\u00a0INCOPORACI\u00d3N COMO SOLDADO VOLUNTARIO DE LA FUERZA A\u00c9REA ARGENTINA EN LA ESCUELA DE AVIACI\u00d3N MILITAR<\/span><\/h4>\n<p><strong>PASOS<\/strong><\/p>\n<p>&nbsp;<\/p>\n<ul>\n<li style=\"text-align: justify;\"><span style=\"color: #000000;\"><strong>Paso 01:<\/strong><\/span> Ingresar al siguiente enlace:<a href=\"https:\/\/www.argentina.gob.ar\/fuerzaaerea\/ingreso-a-la-fuerza-aerea-argentina\"> https:\/\/www.argentina.gob.ar\/fuerzaaerea\/ingreso-a-la-fuerza-aerea-argentina<\/a><\/li>\n<\/ul>\n<ul>\n<li style=\"text-align: justify;\"><span style=\"color: #000000;\"><strong>Paso 02:<\/strong> <\/span>Una vez dentro del sitio web, deslizar hacia abajo hasta encontrar el apartado \u201c<a href=\"https:\/\/www.argentina.gob.ar\/fuerzaaerea\/ingreso-a-la-fuerza-aerea-argentina\" target=\"_blank\" rel=\"noopener\"><strong>Convocatorias abiertas<\/strong><\/a>\u201d. A continuaci\u00f3n, hacer click en <a href=\"https:\/\/www.argentina.gob.ar\/fuerzaaerea\/ingreso-a-la-fuerza-aerea-argentina\/incorporacion-de-soldados-voluntarios\" target=\"_blank\" rel=\"noopener\">\u201c<strong>Sumate<\/strong>\u201d<\/a>.<\/li>\n<li style=\"text-align: justify;\"><span style=\"color: #000000;\"><strong>Paso 03:<\/strong> <\/span>Luego, en la siguiente p\u00e1gina encontrar\u00e1 toda la informaci\u00f3n necesaria para llevar a cabo la inscripci\u00f3n. De igual manera, si desliza hasta el final de dicha p\u00e1gina estar\u00e1 disponible la <a href=\"https:\/\/www.argentina.gob.ar\/sites\/default\/files\/2022\/09\/solicitud_de_inscripcion_incorporacion_soldado_voluntario.pdf\" target=\"_blank\" rel=\"noopener\"><strong>Solicitud de Inscripci\u00f3n<\/strong><\/a> para ser descargada y completada.<\/li>\n<li style=\"text-align: justify;\"><span style=\"color: #000000;\"><strong>Paso 04:<\/strong> <\/span>Una vez que haya descargado y completado la <a href=\"https:\/\/www.argentina.gob.ar\/sites\/default\/files\/2022\/09\/solicitud_de_inscripcion_incorporacion_soldado_voluntario.pdf\" target=\"_blank\" rel=\"noopener\"><strong>Solicitud de Inscripci\u00f3n<\/strong><\/a>, deber\u00e1 presentar la misma junto a la documentaci\u00f3n requerida en la Escuela de Aviaci\u00f3n Militar.<\/li>\n<\/ul>\n<p style=\"text-align: justify;\"><strong>Direcci\u00f3n:<\/strong> Av. Fuerza A\u00e9rea Argentina Km. 6 \u00bd &#8211; C.P. 5011, C\u00f3rdoba.<br \/>\n<strong>Tel\u00e9fono:<\/strong> 011-43176000 internos 37303\/37366<\/p>\n<p style=\"text-align: justify;\"><strong>* <\/strong>Por consultas o inquietudes, escribir a <a href=\"mailto:ingresossoldados@eam.iua.edu.ar\">ingresossoldados@eam.iua.edu.ar<\/a><\/p>\n<p>[\/vc_column_text][vc_empty_space height=\u00bb3em\u00bb]<a href=\"http:\/\/www.eam.iua.edu.ar\/eam\/wp-content\/uploads\/2026\/02\/Incorporacion-como-Soldado-Voluntario-en-la-EAM-2026.pdf\" target=\"new\" class=\"sc_button sc_button_square sc_button_style_filled sc_button_bg_link sc_button_size_medium aligncenter  sc_button_iconed icon-pin\" style=\"width:40%;\">Descargar Instructivo<\/a><\/div><\/div><\/div>[vc_empty_space height=\u00bb3em\u00bb][\/vc_column][\/vc_row]<\/p>\n","protected":false},"excerpt":{"rendered":"<p>[vc_row css=\u00bb.vc_custom_1629486439530{padding-right: 2em !important;}\u00bb][vc_column][vc_empty_space height=\u00bb3em\u00bb][\/vc_column][\/vc_row]<\/p>\n","protected":false},"author":1,"featured_media":0,"parent":0,"menu_order":0,"comment_status":"closed","ping_status":"closed","template":"","meta":{"_joinchat":[],"footnotes":""},"class_list":["post-12286","page","type-page","status-publish","hentry"],"_links":{"self":[{"href":"http:\/\/www.eam.iua.edu.ar\/eam\/wp-json\/wp\/v2\/pages\/12286","targetHints":{"allow":["GET"]}}],"collection":[{"href":"http:\/\/www.eam.iua.edu.ar\/eam\/wp-json\/wp\/v2\/pages"}],"about":[{"href":"http:\/\/www.eam.iua.edu.ar\/eam\/wp-json\/wp\/v2\/types\/page"}],"author":[{"embeddable":true,"href":"http:\/\/www.eam.iua.edu.ar\/eam\/wp-json\/wp\/v2\/users\/1"}],"replies":[{"embeddable":true,"href":"http:\/\/www.eam.iua.edu.ar\/eam\/wp-json\/wp\/v2\/comments?post=12286"}],"version-history":[{"count":33,"href":"http:\/\/www.eam.iua.edu.ar\/eam\/wp-json\/wp\/v2\/pages\/12286\/revisions"}],"predecessor-version":[{"id":15199,"href":"http:\/\/www.eam.iua.edu.ar\/eam\/wp-json\/wp\/v2\/pages\/12286\/revisions\/15199"}],"wp:attachment":[{"href":"http:\/\/www.eam.iua.edu.ar\/eam\/wp-json\/wp\/v2\/media?parent=12286"}],"curies":[{"name":"wp","href":"https:\/\/api.w.org\/{rel}","templated":true}]}}