{"id":12450,"date":"2023-05-26T12:10:43","date_gmt":"2023-05-26T15:10:43","guid":{"rendered":"http:\/\/www.eam.iua.edu.ar\/eam\/?page_id=12450"},"modified":"2025-05-26T12:49:20","modified_gmt":"2025-05-26T15:49:20","slug":"inscripcion-online-candidatos","status":"publish","type":"page","link":"http:\/\/www.eam.iua.edu.ar\/eam\/inscripcion-online-candidatos\/","title":{"rendered":"Inscripci\u00f3n Online Carrera de Oficial"},"content":{"rendered":"<p>[vc_row][vc_column]<h4 class=\"sc_title sc_title_regular \">PROCESO DE INSCRIPCI\u00d3N ONLINE CARRERA DE OFICIAL<\/h4>[vc_empty_space][vc_column_text css=\u00bb.vc_custom_1684865946005{margin-right: 3em !important;}\u00bb]Para inscribirse deber\u00e1 completar 3 PASOS:[\/vc_column_text][\/vc_column][\/vc_row][vc_row][vc_column][vc_raw_html]JTNDaWZyYW1lJTIwc3JjJTNEJTIyaHR0cCUzQSUyRiUyRnd3dy5lYW0yLml1YS5lZHUuYXIlM0E4MDgxJTJGUHJlV2ViJTJGZGVmYXVsdC5hc3B4JTIyJTIwc2Nyb2xsaW5nJTNEJTIyaGlkZSUyMiUyMHN0eWxlJTNEJTIyYm9yZGVyJTNBJTIwbm9uZSUzQiUyMHdpZHRoJTNBJTIwMTAwJTI1JTNCJTNCJTIwaGVpZ2h0JTNBJTIwOTAwcHglM0IlMjIlM0UlM0MlMkZpZnJhbWUlM0U=[\/vc_raw_html][\/vc_column][\/vc_row][vc_row][vc_column][vc_column_text]Ante cualquier duda o inquietud referido a problemas Tecnicos por favor env\u00ede un mail a: <a href=\"mailto:soporte@eam.iua.edu.ar\">soporte@eam.iua.edu.ar<\/a><\/p>\n<p>Ante cualquier duda o inquietud referido al proceso de inscripci\u00f3n y documentaci\u00f3n por favor env\u00ede un mail a: <a href=\"mailto:incorporacion@eam.iua.edu.ar\">incorporacion@eam.iua.edu.ar<\/a>[\/vc_column_text][\/vc_column][\/vc_row]<\/p>\n","protected":false},"excerpt":{"rendered":"<p>[vc_row][vc_column][vc_empty_space][vc_column_text css=\u00bb.vc_custom_1684865946005{margin-right: 3em !important;}\u00bb]Para inscribirse deber\u00e1 completar 3 PASOS:[\/vc_column_text][\/vc_column][\/vc_row][vc_row][vc_column][vc_raw_html]JTNDaWZyYW1lJTIwc3JjJTNEJTIyaHR0cCUzQSUyRiUyRnd3dy5lYW0yLml1YS5lZHUuYXIlM0E4MDgxJTJGUHJlV2ViJTJGZGVmYXVsdC5hc3B4JTIyJTIwc2Nyb2xsaW5nJTNEJTIyaGlkZSUyMiUyMHN0eWxlJTNEJTIyYm9yZGVyJTNBJTIwbm9uZSUzQiUyMHdpZHRoJTNBJTIwMTAwJTI1JTNCJTNCJTIwaGVpZ2h0JTNBJTIwOTAwcHglM0IlMjIlM0UlM0MlMkZpZnJhbWUlM0U=[\/vc_raw_html][\/vc_column][\/vc_row][vc_row][vc_column][vc_column_text]Ante cualquier duda o inquietud referido a problemas Tecnicos por favor env\u00ede un mail a: soporte@eam.iua.edu.ar Ante cualquier duda o inquietud referido al proceso de inscripci\u00f3n y documentaci\u00f3n por favor env\u00ede un mail a: incorporacion@eam.iua.edu.ar[\/vc_column_text][\/vc_column][\/vc_row]<\/p>\n","protected":false},"author":1,"featured_media":0,"parent":0,"menu_order":0,"comment_status":"closed","ping_status":"closed","template":"","meta":{"_joinchat":[],"footnotes":""},"class_list":["post-12450","page","type-page","status-publish","hentry"],"_links":{"self":[{"href":"http:\/\/www.eam.iua.edu.ar\/eam\/wp-json\/wp\/v2\/pages\/12450","targetHints":{"allow":["GET"]}}],"collection":[{"href":"http:\/\/www.eam.iua.edu.ar\/eam\/wp-json\/wp\/v2\/pages"}],"about":[{"href":"http:\/\/www.eam.iua.edu.ar\/eam\/wp-json\/wp\/v2\/types\/page"}],"author":[{"embeddable":true,"href":"http:\/\/www.eam.iua.edu.ar\/eam\/wp-json\/wp\/v2\/users\/1"}],"replies":[{"embeddable":true,"href":"http:\/\/www.eam.iua.edu.ar\/eam\/wp-json\/wp\/v2\/comments?post=12450"}],"version-history":[{"count":9,"href":"http:\/\/www.eam.iua.edu.ar\/eam\/wp-json\/wp\/v2\/pages\/12450\/revisions"}],"predecessor-version":[{"id":14392,"href":"http:\/\/www.eam.iua.edu.ar\/eam\/wp-json\/wp\/v2\/pages\/12450\/revisions\/14392"}],"wp:attachment":[{"href":"http:\/\/www.eam.iua.edu.ar\/eam\/wp-json\/wp\/v2\/media?parent=12450"}],"curies":[{"name":"wp","href":"https:\/\/api.w.org\/{rel}","templated":true}]}}