{"id":12456,"date":"2023-06-15T09:40:41","date_gmt":"2023-06-15T12:40:41","guid":{"rendered":"http:\/\/www.eam.iua.edu.ar\/eam\/?page_id=12456"},"modified":"2024-04-08T12:31:58","modified_gmt":"2024-04-08T15:31:58","slug":"salas-historicas","status":"publish","type":"page","link":"http:\/\/www.eam.iua.edu.ar\/eam\/salas-historicas\/","title":{"rendered":"SALAS HIST\u00d3RICAS"},"content":{"rendered":"<p>[vc_row css=\u00bb.vc_custom_1629486439530{padding-right: 2em !important;}\u00bb][vc_column]<div class=\"sc_section\"><div class=\"sc_section_inner\"><div class=\"sc_infobox sc_infobox_style_regular sc_infobox_iconed icon-book\">[vc_empty_space height=\u00bb3em\u00bb][vc_column_text css=\u00bb.vc_custom_1690895001162{padding-right: 2em !important;padding-left: 1em !important;}\u00bb]<\/p>\n<h3 style=\"text-align: center;\"><strong>SALAS HIST\u00d3RICAS<\/strong><\/h3>\n<p style=\"text-align: justify;\">Las Salas Hist\u00f3ricas est\u00e1n ubicadas en las instalaciones del Cuerpo de Cadetes de la Escuela de Aviaci\u00f3n Militar y son espacios solemnes dedicados a preservar y difundir la historia de nuestro pa\u00eds.<\/p>\n<p style=\"text-align: justify;\">Ambos sitios son reservorios de \u00f3leos, fotograf\u00edas y reliquias de gran valor hist\u00f3rico custodiados por nuestra Instituci\u00f3n.<\/p>\n<p style=\"text-align: justify;\">Declaradas \u201cPatrimonio de Inter\u00e9s Provincial\u201d por el Honorable Concejo Deliberante de la Provincia de C\u00f3rdoba, las Salas Hist\u00f3ricas rememoran nuestro pasado a trav\u00e9s de su acervo patrimonial y cultural.<\/p>\n<p>[\/vc_column_text][vc_empty_space height=\u00bb3em\u00bb]<a href=\"http:\/\/www.eam.iua.edu.ar\/eam\/sala-malvinas-3\/\" target=\"new\" class=\"sc_button sc_button_square sc_button_style_filled sc_button_bg_link sc_button_size_medium aligncenter  sc_button_iconed icon-pin\" style=\"width:40%;\">SALA MALVINAS<\/a>[vc_empty_space height=\u00bb3em\u00bb]<a href=\"http:\/\/www.eam.iua.edu.ar\/eam\/sala-de-honor\/\" target=\"new\" class=\"sc_button sc_button_square sc_button_style_filled sc_button_bg_link sc_button_size_medium aligncenter  sc_button_iconed icon-pin\" style=\"width:40%;\">SALA DE HONOR<\/a>[vc_empty_space height=\u00bb3em\u00bb]<a href=\"http:\/\/www.eam.iua.edu.ar\/eam\/general-san-martin\/\" target=\"new\" class=\"sc_button sc_button_square sc_button_style_filled sc_button_bg_link sc_button_size_medium aligncenter  sc_button_iconed icon-pin\" style=\"width:40%;\">GENERAL SAN MART\u00cdN<\/a><\/div><\/div><\/div>[vc_empty_space height=\u00bb3em\u00bb][\/vc_column][\/vc_row]<\/p>\n","protected":false},"excerpt":{"rendered":"<p>[vc_row css=\u00bb.vc_custom_1629486439530{padding-right: 2em !important;}\u00bb][vc_column][vc_empty_space height=\u00bb3em\u00bb][\/vc_column][\/vc_row]<\/p>\n","protected":false},"author":1,"featured_media":0,"parent":0,"menu_order":0,"comment_status":"closed","ping_status":"closed","template":"","meta":{"_joinchat":[],"footnotes":""},"class_list":["post-12456","page","type-page","status-publish","hentry"],"_links":{"self":[{"href":"http:\/\/www.eam.iua.edu.ar\/eam\/wp-json\/wp\/v2\/pages\/12456","targetHints":{"allow":["GET"]}}],"collection":[{"href":"http:\/\/www.eam.iua.edu.ar\/eam\/wp-json\/wp\/v2\/pages"}],"about":[{"href":"http:\/\/www.eam.iua.edu.ar\/eam\/wp-json\/wp\/v2\/types\/page"}],"author":[{"embeddable":true,"href":"http:\/\/www.eam.iua.edu.ar\/eam\/wp-json\/wp\/v2\/users\/1"}],"replies":[{"embeddable":true,"href":"http:\/\/www.eam.iua.edu.ar\/eam\/wp-json\/wp\/v2\/comments?post=12456"}],"version-history":[{"count":26,"href":"http:\/\/www.eam.iua.edu.ar\/eam\/wp-json\/wp\/v2\/pages\/12456\/revisions"}],"predecessor-version":[{"id":13503,"href":"http:\/\/www.eam.iua.edu.ar\/eam\/wp-json\/wp\/v2\/pages\/12456\/revisions\/13503"}],"wp:attachment":[{"href":"http:\/\/www.eam.iua.edu.ar\/eam\/wp-json\/wp\/v2\/media?parent=12456"}],"curies":[{"name":"wp","href":"https:\/\/api.w.org\/{rel}","templated":true}]}}