{"id":12467,"date":"2023-06-09T11:35:50","date_gmt":"2023-06-09T14:35:50","guid":{"rendered":"http:\/\/www.eam.iua.edu.ar\/eam\/?page_id=12467"},"modified":"2023-10-26T10:18:39","modified_gmt":"2023-10-26T13:18:39","slug":"general-san-martin","status":"publish","type":"page","link":"http:\/\/www.eam.iua.edu.ar\/eam\/general-san-martin\/","title":{"rendered":"GENERAL SAN MART\u00cdN"},"content":{"rendered":"<p>[vc_row content_placement=\u00bbmedio\u00bb el_class=\u00bbcentenario\u00bb][vc_column][vc_column_text][\/vc_column_text][\/vc_column][\/vc_row][vc_row][vc_column][vc_column_text][\/vc_column_text][\/vc_column][\/vc_row][vc_row][vc_column][vc_column_text] <strong>\u00abGENERAL SAN MART\u00cdN\u00bb<\/strong><\/p>\n<p style=\"text-align: center;\"><em>\u201cSus ojos peque\u00f1os y nublados ya por la vejez, se han abierto un momento, y, mostr\u00e1ndome aquellos ojos dominantes, luminosos, de que hablan todos los que le conocieron; su espalda encorvada por los a\u00f1os se hab\u00eda enderezado, avanzando el pecho, r\u00edgido como el de los soldados de l\u00ednea de aquel tiempo; su cabeza se hab\u00eda echado hacia atr\u00e1s, sus hombros baj\u00e1ndose por la dilataci\u00f3n del cuello, y sus movimientos r\u00e1pidos, decisivos, semejaban al del brioso corcel que sacude su ensortijada crin, tasca el freno y estropea la tierra\u201d.<\/em><\/p>\n<p style=\"text-align: center;\"><strong>La vejez del pr\u00f3cer. Por Domingo Faustino Sarmiento.<\/strong><\/p>\n<p style=\"text-align: center;\"><strong>\u00abEntrevista a San Mart\u00edn en Par\u00eds, en 1846\u00bb<\/strong><\/p>\n<p>[\/vc_column_text][vc_empty_space height=\u00bb4em\u00bb]<figure class=\"sc_image  sc_image_shape_square\"><img decoding=\"async\" src=\"http:\/\/www.eam.iua.edu.ar\/eam\/wp-content\/uploads\/2023\/09\/BASTON-VEJEZ-SAN-MARTIN-scaled.jpg\" alt=\"\" \/><\/figure>[vc_column_text]<\/p>\n<p style=\"text-align: center;\"><strong>Bast\u00f3n de la vejez del Gral. San Mart\u00edn <\/strong><\/p>\n<p>[\/vc_column_text][\/vc_column][\/vc_row][vc_row][vc_column][vc_column_text][\/vc_column_text][\/vc_column][\/vc_row][vc_row][vc_column][vc_column_text]<\/p>\n<p>&nbsp;<\/p>\n<p style=\"text-align: justify;\">Exiliado en la ciudad portuaria de Boulogne Sur Mer, Francia, el General D. Jos\u00e9 Francisco de San Mart\u00edn, pas\u00f3 sus \u00faltimos a\u00f1os de vida acompa\u00f1ado por su hija Mercedes, su yerno Mariano Balcarce y sus nietas. Atr\u00e1s hab\u00edan quedado los a\u00f1os de revoluci\u00f3n e independencia que encabez\u00f3 nuestro pr\u00f3cer, ahora el General transitaba su vejez con la simpleza y humildad que siempre lo caracteriz\u00f3; caminando por los jardines, paseando con sus nietas y oyendo a Merceditas leer los peri\u00f3dicos que, \u00e9l a causa de su ceguera, ya no pod\u00eda hacer.<\/p>\n<p style=\"text-align: justify;\">Testigo silencioso de su anciana sabidur\u00eda, donde las manos del Padre de la Patria y Libertador de los Pueblos Americanos encontraron sost\u00e9n hasta sus \u00faltimos d\u00edas, es la invaluable pieza que atesora la Sala Hist\u00f3rica para mantener viva la memoria del Padre de la Patria.<\/p>\n<p style=\"text-align: justify;\">En el mes de junio de 1982, mediante una nota dirigida al entonces comandante en Jefe de la Fuerza A\u00e9rea Argentina y prosiguiendo con una tradici\u00f3n familiar y Sanmartiniana (conforme se expresa en la misma), el se\u00f1or Carlos Emilio Gonz\u00e1lez Moreno, formaliza la donaci\u00f3n a la Fuerza A\u00e9rea Argentina, del bast\u00f3n que perteneciera al General D. Jos\u00e9 Francisco de San Mart\u00edn.<\/p>\n<p style=\"text-align: justify;\">La entrega de esta reliquia hist\u00f3rica del Padre de la Patria, se materializ\u00f3 el 10 de agosto de 1982, en oportunidad de cumplirse el 70\u00ba aniversario de la creaci\u00f3n de la Escuela de Aviaci\u00f3n Militar, cumpliendo con el deseo oportunamente manifestado por su donante al expresar: <em>\u201cQUE SEA LA FUERZA A\u00c9REA QUIEN CUSTODIE EN NOMBRE DEL PUEBLO DE LA NACI\u00d3N ARGENTINA, ESTA RELIQUIA QUE PERTENECIERA AL MAS GRANDE H\u00c9ROE DE LA ARGENTINIDAD\u201d.<\/em><\/p>\n<p style=\"text-align: justify;\">Dada la magnitud de su significado, la Fuerza A\u00e9rea Argentina ha estimado su merecido reposo, a partir del a\u00f1o 2016, en el Instituto Madre de la Fuerza A\u00e9rea Argentina, conocido como \u201cCUNA DE C\u00d3NDORES\u201d, emulando a aquellos que desde los cielos lo han acompa\u00f1ado en el GLORIOSO CRUCE DE LOS ANDES y fueron tambi\u00e9n testigos silenciosos de su coraje en los campos de batalla.<\/p>\n<p>[\/vc_column_text][vc_empty_space height=\u00bb4em\u00bb]<figure class=\"sc_image  sc_image_shape_square\"><img decoding=\"async\" src=\"http:\/\/www.eam.iua.edu.ar\/eam\/wp-content\/uploads\/2023\/09\/REPLICA-SABLE-GRAL.-SAN-MARTIN.jpg\" alt=\"\" \/><\/figure>[vc_column_text]<\/p>\n<p style=\"text-align: center;\"><strong>Sable s\u00edmil del Gral. San Mart\u00edn<\/strong><\/p>\n<p>[\/vc_column_text][vc_empty_space height=\u00bb4em\u00bb][\/vc_column][\/vc_row][vc_row][vc_column][vc_column_text]<\/p>\n<p style=\"text-align: center;\"><em>\u201cEl\u00a0general San Mart\u00edn jam\u00e1s derramar\u00e1 la sangre de sus compatriotas, y s\u00f3lo desenvainar\u00e1 la espada contra los enemigos de la independencia de Sud Am\u00e9rica.\u201d<\/em><\/p>\n<p style=\"text-align: center;\"><strong>General Jos\u00e9 de San Mart\u00edn<\/strong><\/p>\n<p style=\"text-align: right;\"><strong>\u00a0(Documentos del Archivo del General San Mart\u00edn, Buenos Aires, 1910,\u00a0Valpara\u00edso, 22 de julio de 1820, t. X, p. 390). <\/strong><\/p>\n<p style=\"text-align: right;\"><strong>Web: Instituto Nacional Sanmartiniano<\/strong>.<\/p>\n<p>[\/vc_column_text][vc_column_text]<\/p>\n<p style=\"text-align: justify;\">El arma predilecta que acompa\u00f1\u00f3 al General durante las batallas que se libraron en tierra americana, es prueba del sacrificio y la firme convicci\u00f3n de amor por la Patria de nuestro pr\u00f3cer, sin esto hubiera sido imposible la liberaci\u00f3n del yugo espa\u00f1ol.<\/p>\n<p style=\"text-align: justify;\">Se trata de un sable de origen \u00e1rabe que San Mart\u00edn compr\u00f3 en un anticuario de Londres antes de dar comienzo a su campa\u00f1a militar en Am\u00e9rica.<\/p>\n<p style=\"text-align: justify;\">Realizado por artesanos de la \u00e9poca, el sable tiene una hoja de acero curva, agresiva en toda su extensi\u00f3n, lo que hace que la bocavaina tenga abierta no solo la punta, sino 15 cent\u00edmetros de costado para que la misma pueda salir. La vaina, de madera de cedro, est\u00e1 enfundada con un cuero texturado; y la puntera y la bocavaina son de cobre forjadas, cinceladas a mano y ba\u00f1adas en oro. Por su curvatura y liviandad, era un arma muy apropiada para los combates cuerpo a cuerpo.<\/p>\n<p style=\"text-align: justify;\">La pieza original se encuentra resguardada actualmente en el Museo Hist\u00f3rico Nacional en la ciudad de Buenos Aires, cuya custodia est\u00e1 a cargo del hist\u00f3rico Regimiento de Granaderos a caballo. No obstante; la Sala de Honor cuenta con la r\u00e9plica que es fiel reproducci\u00f3n del original, donde est\u00e1n impresas las huellas y marcas que acumul\u00f3, en las solemnes batallas, el sable corvo de San Martin.<\/p>\n<p style=\"text-align: center;\"><strong>TIERRA SANMARTINIANA<\/strong><\/p>\n<p style=\"text-align: center;\"><em>\u201cSi somos libres, todo nos sobra\u201d<\/em><\/p>\n<p style=\"text-align: center;\"><strong><em>Gral. Jos\u00e9 de San Mart\u00edn<\/em><\/strong><\/p>\n<p style=\"text-align: justify;\">La Sala de Honor tiene el privilegio de ser depositaria de valiosos cofres que contienen tierra sanmartiniana. Los mismos representan los hitos m\u00e1s importantes en la vida de nuestro pr\u00f3cer, desde su nacimiento en Yapey\u00fa; pasando por la magn\u00edfica campa\u00f1a libertadora de los pueblos americanos; hasta su exilio en Francia donde pas\u00f3 sus \u00faltimos a\u00f1os de vida.<\/p>\n<p style=\"text-align: justify;\">Estos cofres que representan el recorrido hist\u00f3rico de la vida de uno de los baluartes m\u00e1s importantes de la independencia, el General D. Jos\u00e9 de San Mart\u00edn; forman parte de nuestro valioso patrimonio, y est\u00e1n distinguidos de la siguiente manera:<\/p>\n<p>[\/vc_column_text][vc_empty_space height=\u00bb4em\u00bb]<figure class=\"sc_image  sc_image_shape_square\"><img decoding=\"async\" src=\"http:\/\/www.eam.iua.edu.ar\/eam\/wp-content\/uploads\/2023\/09\/TIERRA-DE-YAPEYU.jpg\" alt=\"\" \/><\/figure>[vc_column_text]<\/p>\n<p>&nbsp;<\/p>\n<p style=\"text-align: justify;\"><strong>Tierra de Yapey\u00fa:<\/strong> extra\u00edda del solar natal del General San Mart\u00edn en la localidad de Yapey\u00fa, provincia de Corrientes. Este cofre fue una donaci\u00f3n realizada por la Sra. Sof\u00eda de Barcala, en el a\u00f1o 1950.<\/p>\n<p>[\/vc_column_text][vc_empty_space height=\u00bb4em\u00bb][\/vc_column][\/vc_row][vc_row][vc_column][vc_empty_space height=\u00bb4em\u00bb]<figure class=\"sc_image  sc_image_shape_square\"><img decoding=\"async\" src=\"http:\/\/www.eam.iua.edu.ar\/eam\/wp-content\/uploads\/2023\/09\/TIERRA-GESTA-SAN-MARTINIANA.jpg\" alt=\"\" \/><\/figure>[vc_column_text]<\/p>\n<p>&nbsp;<\/p>\n<p style=\"text-align: justify;\"><strong>Tierra de la gesta sanmartiniana: <\/strong>La Uni\u00f3n de C\u00f3ndores de las Am\u00e9ricas obsequi\u00f3 en el a\u00f1o 1992 a la Escuela Aviaci\u00f3n Militar, el preciado cofre que re\u00fane porciones de tierra de Argentina, Chile, Per\u00fa, Ecuador, Espa\u00f1a y Francia. Esta reliquia representa la grandeza de nuestro pr\u00f3cer y evoca la hist\u00f3rica proeza sanmartiniana.<\/p>\n<p>[\/vc_column_text][vc_empty_space height=\u00bb4em\u00bb][\/vc_column][\/vc_row][vc_row][vc_column][vc_empty_space height=\u00bb4em\u00bb]<figure class=\"sc_image  sc_image_shape_square\"><img decoding=\"async\" src=\"http:\/\/www.eam.iua.edu.ar\/eam\/wp-content\/uploads\/2023\/09\/TIERRA-CASA-SAN-MARTIN-BOULOGNE-SUR-MER.jpg\" alt=\"\" \/><\/figure>[vc_column_text]<\/p>\n<p>&nbsp;<\/p>\n<p>&nbsp;<\/p>\n<p style=\"text-align: justify;\"><strong>Tierra de la Casa de Boulogne Sur Mer &#8211; Francia:<\/strong> extra\u00edda del patio interno de la vivienda donde permaneci\u00f3 el General San Mart\u00edn hasta su fallecimiento. Este cofre fue entregado a la Sala de Honor, en el a\u00f1o 2021, por el Suboficial Mayor Carlos Rodr\u00edguez, quien se desempe\u00f1\u00f3 como Auxiliar de la Agregadur\u00eda de Defensa Militar, Naval y A\u00e9rea de la Embajada de la Rep\u00fablica Francesa.<\/p>\n<p style=\"text-align: justify;\">Actualmente, la casa donde el General San Mart\u00edn pas\u00f3 sus \u00faltimos a\u00f1os de vida es un Museo dedicado especialmente a la historia del Libertador.<\/p>\n<p style=\"text-align: justify;\">Casa \u2013 Museo del Gral San Mart\u00edn en Boulogne-Sur Mer, Francia:<\/p>\n<p>[\/vc_column_text][vc_empty_space height=\u00bb4em\u00bb][vc_video link=\u00bbhttps:\/\/www.youtube.com\/watch?v=1Um_N5TxYcg&amp;ab_channel=GranaderosaCaballo\u00bb align=\u00bbcenter\u00bb][\/vc_column][\/vc_row][vc_row][vc_column width=\u00bb1\/3&#8243;][vc_empty_space height=\u00bb4em\u00bb]<figure class=\"sc_image  sc_image_shape_square\"><img decoding=\"async\" src=\"http:\/\/www.eam.iua.edu.ar\/eam\/wp-content\/uploads\/2023\/09\/HOJA-SERVICIOS-SAN-MARTIN-1.jpg\" alt=\"\" \/><\/figure>[vc_empty_space height=\u00bb4em\u00bb][\/vc_column][vc_column width=\u00bb1\/3&#8243;][vc_empty_space height=\u00bb4em\u00bb]<figure class=\"sc_image  sc_image_shape_square\"><img decoding=\"async\" src=\"http:\/\/www.eam.iua.edu.ar\/eam\/wp-content\/uploads\/2023\/09\/HOJA-SERVICIOS-SAN-MARTIN-2.jpg\" alt=\"\" \/><\/figure>[vc_empty_space height=\u00bb4em\u00bb][\/vc_column][vc_column width=\u00bb1\/3&#8243;][vc_empty_space height=\u00bb4em\u00bb]<figure class=\"sc_image  sc_image_shape_square\"><img decoding=\"async\" src=\"http:\/\/www.eam.iua.edu.ar\/eam\/wp-content\/uploads\/2023\/09\/HOJA-SERVICIOS-SAN-MARTIN-3.jpg\" alt=\"\" \/><\/figure>[vc_empty_space height=\u00bb4em\u00bb][\/vc_column][\/vc_row][vc_row][vc_column][vc_column_text]<\/p>\n<p style=\"text-align: center;\"><strong>Hoja de servicios en el Ej\u00e9rcito Espa\u00f1ol del Capit\u00e1n Segundo D. Jos\u00e9 de San Mart\u00edn y Matorras<\/strong><\/p>\n<p>&nbsp;<\/p>\n<p style=\"text-align: justify;\">Siguiendo los pasos de su padre, el General D. Jos\u00e9 de San Mart\u00edn decidi\u00f3 inmiscuirse en la vida militar ingresando como Cadete en el 2do. Batall\u00f3n del Regimiento de Infanter\u00eda de Murcia, cuando tan solo ten\u00eda 11 a\u00f1os.<\/p>\n<p style=\"text-align: justify;\">Durante m\u00e1s de 20 a\u00f1os sirvi\u00f3 en las filas del Ej\u00e9rcito Espa\u00f1ol y particip\u00f3 de batallas decisivas, como en Arjonilla donde fue ascendido a\u00a0Capit\u00e1n, tras su intr\u00e9pido desempe\u00f1o; y Bail\u00e9n, que supuso la primera derrota en campo abierto de la historia del\u00a0Ej\u00e9rcito Napole\u00f3nico.<\/p>\n<p style=\"text-align: justify;\">La experiencia ganada a partir de los combates contra moros, franceses, ingleses y portugueses iba a jugar a favor de sus planes en Am\u00e9rica.<\/p>\n<p style=\"text-align: justify;\">Luego de solicitar su retiro del Ej\u00e9rcito Espa\u00f1ol, en el a\u00f1o 1811; San Mart\u00edn conoci\u00f3 a otros militares americanos; quienes, persuadidos por los ideales de libertad e independencia, lograron captar su atenci\u00f3n y el inter\u00e9s por ponerse al servicio de la emancipaci\u00f3n americana, lo cual lo lleva a embarcar en la fragata \u201cGeorge Canning\u201d, arribando en Buenos Aires en 1812.<\/p>\n<p style=\"text-align: justify;\">Testigo de su paso por el Ej\u00e9rcito Espa\u00f1ol, es la foja de servicios del General San Mart\u00edn que atesoramos en la Sala de Honor. Se trata de una copia del documento original, que consta de DOS (2) folios y est\u00e1 autenticada por el Archivo Militar de Segovia.<\/p>\n<p style=\"text-align: justify;\">Este documento detalla los servicios que brind\u00f3 el General desde el a\u00f1o 1789 hasta el a\u00f1o 1806 en el Regimiento de Murcia y el Batall\u00f3n de Infanter\u00eda Ligera, alcanzando el grado de Capit\u00e1n Segundo. Asimismo, se puede apreciar un registro de las campa\u00f1as, acciones de guerra en las que particip\u00f3, y el informe del inspector cuya valoraci\u00f3n dec\u00eda lo siguiente: <em>\u201cEste oficial sirve bien\u201d.<\/em><\/p>\n<p style=\"text-align: justify;\">La posteridad, a quien el General San Mart\u00edn confiaba el juicio de su vida y de sus acciones, lo proclam\u00f3, sin lugar a dudas: \u201cEL GRAN CAPIT\u00c1N DE LA LIBERTAD AMERICANA\u201d.<\/p>\n<p>[\/vc_column_text][vc_empty_space height=\u00bb4em\u00bb][vc_column_text]<\/p>\n<p style=\"text-align: center;\"><strong>Presentaci\u00f3n del libro Gral. Jos\u00e9 de San Mart\u00edn (IN\u00c9DITO)<\/strong><\/p>\n<p>[\/vc_column_text][vc_empty_space height=\u00bb4em\u00bb][vc_video link=\u00bbhttps:\/\/www.youtube.com\/watch?v=oxfw2iGKQAM\u00bb align=\u00bbcenter\u00bb][vc_empty_space height=\u00bb4em\u00bb][vc_btn title=\u00bbInstituto Nacional Sanmartiniano\u00bb color=\u00bbwarning\u00bb size=\u00bblg\u00bb align=\u00bbcenter\u00bb link=\u00bburl:https%3A%2F%2Fsanmartiniano.cultura.gob.ar%2F|target:_blank\u00bb][\/vc_column][\/vc_row][vc_row][vc_column][vc_empty_space height=\u00bb4em\u00bb]<h3 class=\"sc_title sc_title_regular with_star sc_align_center\" style=\"text-align:center;\">Escuela de Aviaci\u00f3n Militar &#8211; GENERAL SAN MART\u00cdN<\/h3>[vc_empty_space height=\u00bb2em\u00bb][vc_media_grid style=\u00bbload-more\u00bb items_per_page=\u00bb8&#8243; element_width=\u00bb3&#8243; item=\u00bbmasonryMedia_SlideTop\u00bb btn_title=\u00bbVer M\u00e1s\u00bb btn_style=\u00bbmodern\u00bb btn_color=\u00bbdefault\u00bb btn_size=\u00bbxs\u00bb grid_id=\u00bbvc_gid:1698326162838-cdf6f815-ed1e-9&#8243; include=\u00bb12557,12563,12660,12658&#8243;][vc_empty_space height=\u00bb4em\u00bb][\/vc_column][\/vc_row]<\/p>\n","protected":false},"excerpt":{"rendered":"<p>[vc_row content_placement=\u00bbmedio\u00bb el_class=\u00bbcentenario\u00bb][vc_column][vc_column_text][\/vc_column_text][\/vc_column][\/vc_row][vc_row][vc_column][vc_column_text][\/vc_column_text][\/vc_column][\/vc_row][vc_row][vc_column][vc_column_text] \u00abGENERAL SAN MART\u00cdN\u00bb \u201cSus ojos peque\u00f1os y nublados ya por la vejez, se han abierto un momento, y, mostr\u00e1ndome aquellos ojos dominantes, luminosos, de que hablan todos los que le conocieron; su espalda encorvada por los a\u00f1os se hab\u00eda enderezado, avanzando el pecho, r\u00edgido como el de los soldados de l\u00ednea de [&hellip;]<\/p>\n","protected":false},"author":1,"featured_media":0,"parent":0,"menu_order":0,"comment_status":"closed","ping_status":"closed","template":"","meta":{"_joinchat":[],"footnotes":""},"class_list":["post-12467","page","type-page","status-publish","hentry"],"_links":{"self":[{"href":"http:\/\/www.eam.iua.edu.ar\/eam\/wp-json\/wp\/v2\/pages\/12467","targetHints":{"allow":["GET"]}}],"collection":[{"href":"http:\/\/www.eam.iua.edu.ar\/eam\/wp-json\/wp\/v2\/pages"}],"about":[{"href":"http:\/\/www.eam.iua.edu.ar\/eam\/wp-json\/wp\/v2\/types\/page"}],"author":[{"embeddable":true,"href":"http:\/\/www.eam.iua.edu.ar\/eam\/wp-json\/wp\/v2\/users\/1"}],"replies":[{"embeddable":true,"href":"http:\/\/www.eam.iua.edu.ar\/eam\/wp-json\/wp\/v2\/comments?post=12467"}],"version-history":[{"count":31,"href":"http:\/\/www.eam.iua.edu.ar\/eam\/wp-json\/wp\/v2\/pages\/12467\/revisions"}],"predecessor-version":[{"id":12650,"href":"http:\/\/www.eam.iua.edu.ar\/eam\/wp-json\/wp\/v2\/pages\/12467\/revisions\/12650"}],"wp:attachment":[{"href":"http:\/\/www.eam.iua.edu.ar\/eam\/wp-json\/wp\/v2\/media?parent=12467"}],"curies":[{"name":"wp","href":"https:\/\/api.w.org\/{rel}","templated":true}]}}