{"id":12792,"date":"2023-08-02T12:19:09","date_gmt":"2023-08-02T15:19:09","guid":{"rendered":"http:\/\/www.eam.iua.edu.ar\/eam\/?page_id=12792"},"modified":"2026-02-13T16:27:58","modified_gmt":"2026-02-13T19:27:58","slug":"ingreso-a-la-carrera-de-oficial","status":"publish","type":"page","link":"http:\/\/www.eam.iua.edu.ar\/eam\/ingreso-a-la-carrera-de-oficial\/","title":{"rendered":"INGRESO A LA CARRERA DE OFICIAL"},"content":{"rendered":"<p>[vc_row full_width=\u00bbstretch_row_content_no_spaces\u00bb][vc_column][vc_empty_space height=\u00bb5em\u00bb][vc_column_text]<\/p>\n<h2 style=\"text-align: center;\"><span class=\"titulo-seccion\">CARRERA DE OFICIAL DE LA FUERZA A\u00c9REA ARGENTINA<\/span><\/h2>\n<p>[\/vc_column_text][\/vc_column][\/vc_row][vc_row full_width=\u00bbstretch_row\u00bb][vc_column][vc_empty_space height=\u00bb5em\u00bb][vc_row_inner equal_height=\u00bbs\u00ed\u00bb][vc_column_inner width=\u00bb1\/2&#8243; css=\u00bb.vc_custom_1748536403241{border-right-width: 20px !important; border-right-color: #b22d2e !important;}\u00bb]<figure class=\"sc_image  sc_image_shape_square\"><img decoding=\"async\" src=\"http:\/\/www.eam.iua.edu.ar\/eam\/wp-content\/uploads\/2025\/05\/F-16_SLOGAN_square-reemplazo-Pucara-1.webp\" alt=\"\" \/><\/figure>[\/vc_column_inner][vc_column_inner width=\u00bb1\/2&#8243;][vc_column_text css=\u00bb.vc_custom_1508341739303{padding-right: 3em !important; padding-left: 3em !important;}\u00bb]<\/p>\n<p style=\"text-align: justify;\">La Carrera que brinda la EAM consta de un Plan de Ense\u00f1anza de 4 a\u00f1os, durante los cuales los alumnos se forman como Cadetes, recibiendo una educaci\u00f3n profesional. La caracter\u00edstica m\u00e1s relevante es la adecuada articulaci\u00f3n entre actividades acad\u00e9micas, militares y deportivas, lo que propicia una FORMACI\u00d3N INTEGRAL. Finalizado dicho ciclo, los Cadetes egresan como Oficiales de la Fuerza A\u00e9rea Argentina, con el grado de Alf\u00e9rez, obteniendo adem\u00e1s la\u00a0<strong>\u00abLicenciatura en Conducci\u00f3n de Recursos Aeroespaciales para la Defensa\u00bb (LICRAD).<\/strong><\/p>\n<p>[\/vc_column_text][vc_empty_space height=\u00bb4em\u00bb][vc_empty_space height=\u00bb4em\u00bb][vc_empty_space height=\u00bb4em\u00bb][\/vc_column_inner][\/vc_row_inner][vc_empty_space height=\u00bb3em\u00bb][\/vc_column][\/vc_row][vc_row full_width=\u00bbstretch_row_content_no_spaces\u00bb][vc_column width=\u00bb1\/4&#8243;][\/vc_column][vc_column width=\u00bb1\/2&#8243;]<h1 class=\"sc_title sc_title_regular \"><\/p>\n<h2 style=\"text-align: center;\">\u00a0Requisitos de Ingreso<\/h2>\n<p><\/h1><div class=\"sc_section\"><div class=\"sc_section_inner\"><div class=\"sc_infobox sc_infobox_style_regular sc_infobox_iconed icono-libro\">[vc_column_text]<\/p>\n<p style=\"text-align: center;\">Antes de iniciar el proceso de incorporaci\u00f3n:<\/p>\n<p>[\/vc_column_text][vc_empty_space]<a href=\"http:\/\/www.eam.iua.edu.ar\/eam\/incorporarse\/#requisitosingreso\" class=\"sc_button sc_button_square sc_button_style_filled sc_button_bg_link sc_button_size_large aligncenter  sc_button_iconed icon-spin1\" style=\"width:40%;\">VER REQUISITOS DE INGRESO<\/a>[vc_empty_space]<\/div><\/div><\/div>[\/vc_column][\/vc_row][vc_row full_width=\u00bbstretch_row_content_no_spaces\u00bb][vc_column width=\u00bb1\/4&#8243;][\/vc_column][vc_column width=\u00bb1\/2&#8243;]<h1 class=\"sc_title sc_title_regular \"><\/p>\n<h2 style=\"text-align: center;\">\u00a0Fechas Importantes<\/h2>\n<p><\/h1><div class=\"sc_section\"><div class=\"sc_section_inner\"><div class=\"sc_infobox sc_infobox_style_regular sc_infobox_iconed icon-book\">[vc_column_text]<\/p>\n<h3><strong>INSCRIPCI\u00d3N INGRESO 2026<\/strong><\/h3>\n<p><strong>APERTURA:<\/strong> lunes 26 de mayo de 2025<br \/>\n<strong>CIERRE:<\/strong> viernes 21 de noviembre de 2025 a las 13:00 hs.<\/p>\n<p><strong>Examen Intelectual:<\/strong> martes 9 y mi\u00e9rcoles 10 de diciembre de 2025 a las 07:30hs en el Subcentro que cada Candidato\/a declare en el formulario de inscripci\u00f3n online, los que a continuaci\u00f3n se detallan:<\/p>\n<p>&nbsp;<\/p>\n<ol>\n<li><strong>Buenos Aires:<\/strong> Centro de Instrucci\u00f3n de Aeronavegabilidad y T\u00e9cnicos de Aeron\u00e1utica &#8211; CIATA. Av. Eva Per\u00f3n 2200. Mor\u00f3n. Buenos Aires.<\/li>\n<li><strong>Comodoro Rivadavia:<\/strong> IX Brigada A\u00e9rea. Comodoro Rivadavia. Chubut.<\/li>\n<li><strong>C\u00f3rdoba:<\/strong> Escuela de Aviaci\u00f3n Militar. Av. Fuerza A\u00e9rea km. 6 \u00bd. C\u00f3rdoba Capital .<\/li>\n<li><strong>Mar del Plata:<\/strong> Base A\u00e9rea Militar \u201cMar del Plata\u201d. Ruta 2 km. 399 \u00bd. Buenos Aires.<\/li>\n<li><strong>Mendoza:<\/strong> IV Brigada A\u00e9rea. Av. Fuerza A\u00e9rea Argentina km. 7 \u00bd. Los Tamarindos. Mendoza.<\/li>\n<li><strong>Paran\u00e1:<\/strong> II Brigada A\u00e9rea. Av. Jorge Newbery S\/N\u00ba. Paran\u00e1. Entre R\u00edos.<\/li>\n<li><strong>R\u00edo Cuarto:<\/strong> \u00c1rea Material \u201cR\u00edo Cuarto\u201d. Las Higueras. R\u00edo Cuarto. C\u00f3rdoba.<\/li>\n<li><strong>Resistencia:<\/strong> Base A\u00e9rea Militar Resistencia. Ruta N\u00ba 11 Km. 1003.5. Aeropuerto Internacional Resistencia. Resistencia. Chaco.<\/li>\n<li><strong>R\u00edo Gallegos:<\/strong> X Brigada A\u00e9rea. R\u00edo Gallegos.<\/li>\n<li><strong>Salta:<\/strong> Poder Judicial de Salta, Av. Bolivia 4671, Salta Capital.<\/li>\n<\/ol>\n<p><strong>Examen Definitivo:<\/strong> ser\u00e1 a fines del mes de enero y primeras semanas de febrero de 2026 en la Escuela de Aviaci\u00f3n Militar (C\u00f3rdoba Capital). La fecha exacta de presentaci\u00f3n para aquellos\/as Candidatos\/as convocados\/as ser\u00e1 informada a trav\u00e9s de esta web al momento de informar los resultados del Examen Intelectual. La duraci\u00f3n de este examen es aproximadamente de QUINCE (15) d\u00edas corridos, permaneciendo internos durante todo el per\u00edodo.[\/vc_column_text][vc_empty_space]<\/div>[vc_empty_space height=\u00bb5em\u00bb]<\/div><\/div>[\/vc_column][\/vc_row][vc_row full_width=\u00bbstretch_row_content_no_spaces\u00bb parallax=\u00bbcontent-moving\u00bb css=\u00bb.vc_custom_1505313264208{background-image: url(http:\/\/www.eam.iua.edu.ar\/eam\/wp-content\/uploads\/2017\/08\/desierto-cover.jpg?id=896) !important;}\u00bb el_class=\u00bbplan\u00bb][vc_column][\/vc_column][\/vc_row][vc_row full_width=\u00bbstretch_row\u00bb][vc_column][vc_empty_space]<h3 class=\"sc_title sc_title_regular  sc_align_center\" style=\"text-align:center;\"><\/p>\n<h1 style=\"text-align: center;\">Pasos para Incorporarse<\/h1>\n<p><\/h3>[vc_empty_space height=\u00bb0em\u00bb]<figure id=\"_blank\" class=\"sc_image  sc_image_shape_square\" data-animation=\"animated zoomIn normal\"><a href=\"http:\/\/www.eam.iua.edu.ar\/eam\/descarga-cuadernillo\/\"><img decoding=\"async\" src=\"http:\/\/www.eam.iua.edu.ar\/eam\/wp-content\/uploads\/2023\/08\/WEB-PASO-1-1131X320.png\" alt=\"\" \/><\/a><\/figure>[vc_empty_space height=\u00bb4em\u00bb]<figure id=\"_blank\" class=\"sc_image  sc_image_shape_square\" data-animation=\"animated zoomIn normal\"><a href=\"http:\/\/www.eam.iua.edu.ar\/eam\/inscripcion-online-candidatos\/\"><img decoding=\"async\" src=\"http:\/\/www.eam.iua.edu.ar\/eam\/wp-content\/uploads\/2024\/03\/paso-2-2024.png\" alt=\"\" \/><\/a><\/figure>[vc_empty_space height=\u00bb4em\u00bb]<figure class=\"sc_image  sc_image_shape_square\" data-animation=\"animated zoomIn normal\"><a href=\"http:\/\/www.eam.iua.edu.ar\/eam\/acceso-al-aula-virtual\/\"><img decoding=\"async\" src=\"http:\/\/www.eam.iua.edu.ar\/eam\/wp-content\/uploads\/2023\/08\/WEB-PASO-3-1131X320.png\" alt=\"\" \/><\/a><\/figure>[vc_empty_space height=\u00bb4em\u00bb]<figure class=\"sc_image  sc_image_shape_square\" data-animation=\"animated zoomIn normal\"><a href=\"http:\/\/www.eam.iua.edu.ar\/eam\/examen-definitivo\/\"><img decoding=\"async\" src=\"http:\/\/www.eam.iua.edu.ar\/eam\/wp-content\/uploads\/2023\/08\/WEB-PASO-4-1131X320.png\" alt=\"\" \/><\/a><\/figure>[vc_empty_space height=\u00bb4em\u00bb]<figure class=\"sc_image  sc_image_shape_square\" data-animation=\"animated zoomIn normal\"><img decoding=\"async\" src=\"http:\/\/www.eam.iua.edu.ar\/eam\/wp-content\/uploads\/2023\/08\/WEB-PASO-5-1131X320.png\" alt=\"\" \/><\/figure>[vc_empty_space height=\u00bb4em\u00bb][vc_empty_space][\/vc_column][\/vc_row][vc_row full_width=\u00bbstretch_row\u00bb css=\u00bb.vc_custom_1748635140937{background-image: url(http:\/\/www.eam.iua.edu.ar\/eam\/wp-content\/uploads\/2017\/08\/torres.jpg?id=725) !important;background-position: center !important;background-repeat: no-repeat !important;background-size: cover !important;}\u00bb el_class=\u00bbfrases\u00bb][vc_column width=\u00bb1\/2&#8243; css=\u00bb.vc_custom_1505998033881{background-image: url(http:\/\/www.eam.iua.edu.ar\/eam\/wp-content\/uploads\/2015\/07\/conducta.png?id=1839) !important;background-position: 0 0 !important;background-repeat: no-repeat !important;}\u00bb][vc_empty_space height=\u00bb4em\u00bb]<figure class=\"sc_image  alignright sc_image_shape_square\" style=\"width:70%;\"><img decoding=\"async\" src=\"http:\/\/www.eam.iua.edu.ar\/eam\/wp-content\/uploads\/2017\/08\/04.png\" alt=\"\" \/><\/figure>[vc_empty_space height=\u00bb4em\u00bb][\/vc_column][vc_column width=\u00bb1\/2&#8243;][\/vc_column][\/vc_row]<\/p>\n","protected":false},"excerpt":{"rendered":"<p>[vc_row full_width=\u00bbstretch_row_content_no_spaces\u00bb][vc_column][vc_empty_space height=\u00bb5em\u00bb][vc_column_text] CARRERA DE OFICIAL DE LA FUERZA A\u00c9REA ARGENTINA [\/vc_column_text][\/vc_column][\/vc_row][vc_row full_width=\u00bbstretch_row\u00bb][vc_column][vc_empty_space height=\u00bb5em\u00bb][vc_row_inner equal_height=\u00bbs\u00ed\u00bb][vc_column_inner width=\u00bb1\/2&#8243; css=\u00bb.vc_custom_1748536403241{border-right-width: 20px !important; border-right-color: #b22d2e !important;}\u00bb][\/vc_column_inner][vc_column_inner width=\u00bb1\/2&#8243;][vc_column_text css=\u00bb.vc_custom_1508341739303{padding-right: 3em !important; padding-left: 3em !important;}\u00bb] La Carrera que brinda la EAM consta de un Plan de Ense\u00f1anza de 4 a\u00f1os, durante los cuales los alumnos se forman como Cadetes, recibiendo una [&hellip;]<\/p>\n","protected":false},"author":1,"featured_media":0,"parent":0,"menu_order":0,"comment_status":"closed","ping_status":"closed","template":"","meta":{"_joinchat":[],"footnotes":""},"class_list":["post-12792","page","type-page","status-publish","hentry"],"_links":{"self":[{"href":"http:\/\/www.eam.iua.edu.ar\/eam\/wp-json\/wp\/v2\/pages\/12792","targetHints":{"allow":["GET"]}}],"collection":[{"href":"http:\/\/www.eam.iua.edu.ar\/eam\/wp-json\/wp\/v2\/pages"}],"about":[{"href":"http:\/\/www.eam.iua.edu.ar\/eam\/wp-json\/wp\/v2\/types\/page"}],"author":[{"embeddable":true,"href":"http:\/\/www.eam.iua.edu.ar\/eam\/wp-json\/wp\/v2\/users\/1"}],"replies":[{"embeddable":true,"href":"http:\/\/www.eam.iua.edu.ar\/eam\/wp-json\/wp\/v2\/comments?post=12792"}],"version-history":[{"count":73,"href":"http:\/\/www.eam.iua.edu.ar\/eam\/wp-json\/wp\/v2\/pages\/12792\/revisions"}],"predecessor-version":[{"id":15194,"href":"http:\/\/www.eam.iua.edu.ar\/eam\/wp-json\/wp\/v2\/pages\/12792\/revisions\/15194"}],"wp:attachment":[{"href":"http:\/\/www.eam.iua.edu.ar\/eam\/wp-json\/wp\/v2\/media?parent=12792"}],"curies":[{"name":"wp","href":"https:\/\/api.w.org\/{rel}","templated":true}]}}