{"id":13722,"date":"2024-07-01T13:33:53","date_gmt":"2024-07-01T16:33:53","guid":{"rendered":"http:\/\/www.eam.iua.edu.ar\/eam\/?page_id=13722"},"modified":"2025-09-11T11:07:54","modified_gmt":"2025-09-11T14:07:54","slug":"descarga-especialidades-convocadas-2","status":"publish","type":"page","link":"http:\/\/www.eam.iua.edu.ar\/eam\/descarga-especialidades-convocadas-2\/","title":{"rendered":"Descarga Especialidades Convocadas"},"content":{"rendered":"<p>[vc_row css=\u00bb.vc_custom_1629486439530{padding-right: 2em !important;}\u00bb][vc_column]<div class=\"sc_section\"><div class=\"sc_section_inner\"><div class=\"sc_infobox sc_infobox_style_regular sc_infobox_iconed icon-book\">[vc_empty_space height=\u00bb3em\u00bb]<span class=\"sc_icon icon-check sc_icon_shape_round aligncenter\" style=\"font-size:2em; line-height: 1.2em;\"><\/span>[vc_column_text css=\u00bb.vc_custom_1750953194196{padding-right: 2em !important;padding-left: 1em !important;}\u00bb]<\/p>\n<h3 style=\"text-align: center;\"><b>DESCARGA DE PROGRAMAS DE ESPECIALIDADES CONVOCADAS PARA EXAMEN PROFESIONAL 2025<\/b><\/h3>\n<p>&nbsp;<\/p>\n<p style=\"text-align: justify;\">En esta secci\u00f3n, encontrar\u00e1s los archivos <strong>disponibles para descargar<\/strong> correspondientes a las <strong>especialidades convocadas.<\/strong> Obt\u00e9n toda la informaci\u00f3n relacionada con tu especialidad para incorporarte como <strong>Oficial del Cuerpo de Servicios Profesionales de la Fuerza A\u00e9rea Argentina.<\/strong> \u00a1No te quedes afuera!<\/p>\n<p>&nbsp;<\/p>\n<ol>\n<li>ABOGADO (<a href=\"http:\/\/www.eam.iua.edu.ar\/eam\/wp-content\/uploads\/2025\/06\/CUSERPRO-2025_ABOGACIA_VIGENTE_1.pdf\">Descargar<\/a>) &#8211; \u00ab<em>Programa del escalaf\u00f3n jur\u00eddico del cuerpo de los servicios profesionales 2025, fue modificado conforme a la normativa vigente\u00bb.<\/em><\/li>\n<li>AGRIMENSOR (<a href=\"http:\/\/www.eam.iua.edu.ar\/eam\/wp-content\/uploads\/2025\/05\/2-CUSERPRO-2025_INGENIERO-AGRIMENSOR.pdf\">Descargar<\/a>)<\/li>\n<li>ARQUITECTO (<a href=\"http:\/\/www.eam.iua.edu.ar\/eam\/wp-content\/uploads\/2025\/05\/3-CUSERPRO-2025_ARQUITECTURA.pdf\">Descargar<\/a>)<\/li>\n<li>BIOQU\u00cdMICA (<a href=\"http:\/\/www.eam.iua.edu.ar\/eam\/wp-content\/uploads\/2025\/05\/4-CUSERPRO-2025_BIOQUIMICA.pdf\">Descargar<\/a>)<\/li>\n<li>CARTOGRAF\u00cdA (<a href=\"http:\/\/www.eam.iua.edu.ar\/eam\/wp-content\/uploads\/2025\/05\/5-CUSERPRO-2025_CARTOGRAFIA.pdf\">Descargar<\/a>)<\/li>\n<li>CL\u00cdNICA M\u00c9DICA (<a href=\"http:\/\/www.eam.iua.edu.ar\/eam\/wp-content\/uploads\/2025\/05\/6-CUSERPRO-2025_MEDICINA.pdf\">Descargar<\/a>)<\/li>\n<li>CONTADOR P\u00daBLICO (<a href=\"http:\/\/www.eam.iua.edu.ar\/eam\/wp-content\/uploads\/2025\/05\/7-CUSERPRO-2025_CONTADOR-PUBLICO.pdf\">Descargar<\/a>)<\/li>\n<li>DERMATOLOG\u00cdA (<a href=\"http:\/\/www.eam.iua.edu.ar\/eam\/wp-content\/uploads\/2025\/05\/9-CUSERPRO-2025_MEDICINA.pdf\">Descargar<\/a>)<\/li>\n<li>EMERGENTOLOG\u00cdA (<a href=\"http:\/\/www.eam.iua.edu.ar\/eam\/wp-content\/uploads\/2025\/05\/9-CUSERPRO-2025_MEDICINA.pdf\">Descargar<\/a>)<\/li>\n<li>FARMAC\u00c9UTICO (<a href=\"http:\/\/www.eam.iua.edu.ar\/eam\/wp-content\/uploads\/2025\/05\/10-CUSERPRO-2025_FARMACIA.pdf\">Descargar<\/a>)<\/li>\n<li>GASTROENTEROLOG\u00cdA (<a href=\"http:\/\/www.eam.iua.edu.ar\/eam\/wp-content\/uploads\/2025\/05\/11-CUSERPRO-2025_MEDICINA.pdf\">Descargar<\/a>)<\/li>\n<li>INGENIERO AERON\u00c1UTICO (<a href=\"http:\/\/www.eam.iua.edu.ar\/eam\/wp-content\/uploads\/2025\/05\/12-CUSERPRO-2025_INGENIERIA-AERONAUTICA.pdf\">Descargar<\/a>)<\/li>\n<li>INGENIERO CIVIL (<a href=\"http:\/\/www.eam.iua.edu.ar\/eam\/wp-content\/uploads\/2025\/05\/13-CUSERPRO-2025_INGENIERIA-CIVIL.pdf\">Descargar<\/a>)<\/li>\n<li>INGENIERO ELECTRICISTA (<a href=\"http:\/\/www.eam.iua.edu.ar\/eam\/wp-content\/uploads\/2025\/05\/14-CUSERPRO-2025_INGENIERIA-ELECTRICA.pdf\">Descargar<\/a>)<\/li>\n<li>INGENIERO ELECTROMEC\u00c1NICO (<a href=\"http:\/\/www.eam.iua.edu.ar\/eam\/wp-content\/uploads\/2025\/05\/15-CUSERPRO-2025_INGENIERIA-ELECTROMECANICA.pdf\">Descargar<\/a>)<\/li>\n<li>INGENIERO ELECTR\u00d3NICO (<a href=\"http:\/\/www.eam.iua.edu.ar\/eam\/wp-content\/uploads\/2025\/05\/16-CUSERPRO-2025_INGENIERIA-ELECTRONICA.pdf\">Descargar<\/a>)<\/li>\n<li>INGENIERO EN TELECOMUNICACIONES (<a href=\"http:\/\/www.eam.iua.edu.ar\/eam\/wp-content\/uploads\/2025\/05\/17-CUSERPRO-2025_INGENIERIA-EN-TELECOMUNICACIONES.pdf\">Descargar<\/a>)<\/li>\n<li>INGENIERO INDUSTRIAL (<a href=\"http:\/\/www.eam.iua.edu.ar\/eam\/wp-content\/uploads\/2025\/05\/18-CUSERPRO-2025_INGENIERIA-INDUSTRIAL.pdf\">Descargar<\/a>)<\/li>\n<li>INGENIERO MEC\u00c1NICO (<a href=\"http:\/\/www.eam.iua.edu.ar\/eam\/wp-content\/uploads\/2025\/05\/19-CUSERPRO-2025_INGENIERIA-MECANICA.pdf\">Descargar<\/a>)<\/li>\n<li>INGENIERO\/LICENCIADO\/ANALISTA DE SISTEMAS (<a href=\"http:\/\/www.eam.iua.edu.ar\/eam\/wp-content\/uploads\/2025\/05\/20-CUSERPRO-2025_ANALISTA-EN-SISTEMAS.pdf\">Descargar<\/a>)<\/li>\n<li>INGENIERO QU\u00cdMICO (<a href=\"http:\/\/www.eam.iua.edu.ar\/eam\/wp-content\/uploads\/2025\/05\/21-CUSERPRO-2025_INGENIERIA-QUIMICA.pdf\">Descargar<\/a>)<\/li>\n<li>LICENCIADO EN ADMINISTRACI\u00d3N (<a href=\"http:\/\/www.eam.iua.edu.ar\/eam\/wp-content\/uploads\/2025\/05\/22-CUSERPRO-2025_ADMINISTRACION.pdf\">Descargar<\/a>)<\/li>\n<li>LICENCIADO EN COMUNICACI\u00d3N SOCIAL (<a href=\"http:\/\/www.eam.iua.edu.ar\/eam\/wp-content\/uploads\/2025\/05\/23-CUSERPRO-2025_COMUNICACION-SOCIAL_PERIODISMO.pdf\">Descargar<\/a>)<\/li>\n<li>LICENCIADO EN DISE\u00d1O GR\u00c1FICO (<a href=\"http:\/\/www.eam.iua.edu.ar\/eam\/wp-content\/uploads\/2025\/05\/24-CUSERPRO-2025_DISENO-GRAFICO.pdf\">Descargar<\/a>)<\/li>\n<li>LICENCIADO EN DISE\u00d1O TEXTIL\/DISE\u00d1ADOR TEXTIL\/T\u00c9CNICO EN PRODUCCI\u00d3N TEXTIL (<a href=\"http:\/\/www.eam.iua.edu.ar\/eam\/wp-content\/uploads\/2025\/05\/25-CUSERPRO-2025_DISENO-DE-INDUMENTARIA-O-TEXTIL.pdf\">Descargar<\/a>)<\/li>\n<li>LICENCIADO EN EDUCACI\u00d3N (<a href=\"http:\/\/www.eam.iua.edu.ar\/eam\/wp-content\/uploads\/2025\/05\/26-CUSERPRO-2025_EDUCACION.pdf\">Descargar<\/a>)<\/li>\n<li>LICENCIADO EN GESTI\u00d3N AMBIENTAL (<a href=\"http:\/\/www.eam.iua.edu.ar\/eam\/wp-content\/uploads\/2025\/05\/27-CUSERPRO-2025_GESTION-AMBIENTAL.pdf\">Descargar<\/a>)<\/li>\n<li>LICENCIADO EN HIGIENE Y SEGURIDAD (<a href=\"http:\/\/www.eam.iua.edu.ar\/eam\/wp-content\/uploads\/2025\/05\/28-CUSERPRO-2025_HIGIENE-Y-SEGURIDAD.pdf\">Descargar<\/a>)<\/li>\n<li>LICENCIADO EN INFORM\u00c1TICA (<a href=\"http:\/\/www.eam.iua.edu.ar\/eam\/wp-content\/uploads\/2025\/05\/29-CUSERPRO-2025_ANALISTA-EN-SISTEMAS_INFORMATICA.pdf\">Descargar<\/a>)<\/li>\n<li>LICENCIADO EN NUTRICI\u00d3N (<a href=\"http:\/\/www.eam.iua.edu.ar\/eam\/wp-content\/uploads\/2025\/05\/30-CUSERPRO-2025_NUTRICION.pdf\">Descargar<\/a>)<\/li>\n<li>LICENCIADO EN PERIODISMO (<a href=\"http:\/\/www.eam.iua.edu.ar\/eam\/wp-content\/uploads\/2025\/05\/31-CUSERPRO-2025_COMUNICACION-SOCIAL_PERIODISMO.pdf\">Descargar<\/a>)<\/li>\n<li>LICENCIADO EN RECURSOS HUMANOS (<a href=\"http:\/\/www.eam.iua.edu.ar\/eam\/wp-content\/uploads\/2025\/05\/32-CUSERPRO-2025_RECURSOS-HUMANOS.pdf\">Descargar<\/a>)<\/li>\n<li>LICENCIADO EN RELACIONES INTERNACIONALES (<a href=\"http:\/\/www.eam.iua.edu.ar\/eam\/wp-content\/uploads\/2025\/05\/33-CUSERPRO-2025_RELACIONES-INTERNACIONALES.pdf\">Descargar<\/a>)<\/li>\n<li>LICENCIADO EN SEGURIDAD CIUDADANA (<a href=\"http:\/\/www.eam.iua.edu.ar\/eam\/wp-content\/uploads\/2025\/05\/34-CUSERPRO-2025_SEGURIDAD-CIUDADANA_LICENCIATURA.pdf\">Descargar<\/a>)<\/li>\n<li>LICENCIADO\/PROFESOR DE EDUCACI\u00d3N F\u00cdSICA (<a href=\"http:\/\/www.eam.iua.edu.ar\/eam\/wp-content\/uploads\/2025\/05\/35-CUSERPRO-2025_ADIESTRAMIENTO-FISICO.pdf\">Descargar<\/a>)<\/li>\n<li>MEDICINA (<a href=\"http:\/\/www.eam.iua.edu.ar\/eam\/wp-content\/uploads\/2025\/05\/36-CUSERPRO-2025_MEDICINA.pdf\">Descargar<\/a>)<\/li>\n<li>METEOROLOG\u00cdA (<a href=\"http:\/\/www.eam.iua.edu.ar\/eam\/wp-content\/uploads\/2025\/05\/37-CUSERPRO-2025_METEOROLOGIA.pdf\">Descargar<\/a>)<\/li>\n<li>NEUMONOLOG\u00cdA (<a href=\"http:\/\/www.eam.iua.edu.ar\/eam\/wp-content\/uploads\/2025\/05\/38-CUSERPRO-2025_MEDICINA.pdf\">Descargar<\/a>)<\/li>\n<li>OBSTETRICIA (<a href=\"http:\/\/www.eam.iua.edu.ar\/eam\/wp-content\/uploads\/2025\/05\/39-CUSERPRO-2025_MEDICINA.pdf\">Descargar<\/a>)<\/li>\n<li>ONCOLOG\u00cdA (<a href=\"http:\/\/www.eam.iua.edu.ar\/eam\/wp-content\/uploads\/2025\/05\/40-CUSERPRO-2025_MEDICINA.pdf\">Descargar<\/a>)<\/li>\n<li>PEDIATR\u00cdA (<a href=\"http:\/\/www.eam.iua.edu.ar\/eam\/wp-content\/uploads\/2025\/05\/41-CUSERPRO-2025_MEDICINA.pdf\">Descargar<\/a>)<\/li>\n<li>T\u00c9CNICO EN SEGURIDAD CIUDADANA (<a href=\"http:\/\/www.eam.iua.edu.ar\/eam\/wp-content\/uploads\/2025\/05\/42-CUSERPRO-2025_SEGURIDAD-CIUDADANA_TECNICATURA.pdf\">Descargar<\/a>)<\/li>\n<li>T\u00c9CNICO\/ PROFESOR\/ LICENCIADO EN M\u00daSICA (ESPECIALIZACI\u00d3N EN DIRECCI\u00d3N MUSICAL) (<a href=\"http:\/\/www.eam.iua.edu.ar\/eam\/wp-content\/uploads\/2025\/05\/43-CUSERPRO-2025_MUSICA.pdf\">Descargar<\/a>)<\/li>\n<li>TERAPIA INTENSIVA (<a href=\"http:\/\/www.eam.iua.edu.ar\/eam\/wp-content\/uploads\/2025\/05\/44-CUSERPRO-2025_MEDICINA.pdf\">Descargar<\/a>)<\/li>\n<li>TRADUCTOR P\u00daBLICO DE IDOMA INGL\u00c9S (<a href=\"http:\/\/www.eam.iua.edu.ar\/eam\/wp-content\/uploads\/2025\/05\/45-CUSERPRO-2025_TRADUCTORADO-INGLES.pdf\">Descargar<\/a>)<\/li>\n<li>TRAUMATOLOG\u00cdA (<a href=\"http:\/\/www.eam.iua.edu.ar\/eam\/wp-content\/uploads\/2025\/05\/46-CUSERPRO-2025_MEDICINA.pdf\">Descargar<\/a>)<\/li>\n<li>UROLOG\u00cdA (<a href=\"http:\/\/www.eam.iua.edu.ar\/eam\/wp-content\/uploads\/2025\/05\/47-CUSERPRO-2025_MEDICINA.pdf\">Descargar<\/a>)<\/li>\n<li>LICENCIATURA EN TRABAJO SOCIAL (<a href=\"http:\/\/www.eam.iua.edu.ar\/eam\/wp-content\/uploads\/2025\/06\/48.-CUSERPRO-2025_TRABAJO-SOCIAL.pdf\">Descargar<\/a>)<\/li>\n<\/ol>\n<p>[\/vc_column_text][vc_empty_space height=\u00bb3em\u00bb]<\/div><\/div><\/div>[vc_empty_space height=\u00bb3em\u00bb][vc_empty_space height=\u00bb3em\u00bb][\/vc_column][\/vc_row]<\/p>\n","protected":false},"excerpt":{"rendered":"<p>[vc_row css=\u00bb.vc_custom_1629486439530{padding-right: 2em !important;}\u00bb][vc_column][vc_empty_space height=\u00bb3em\u00bb][vc_empty_space height=\u00bb3em\u00bb][\/vc_column][\/vc_row]<\/p>\n","protected":false},"author":1,"featured_media":0,"parent":0,"menu_order":0,"comment_status":"closed","ping_status":"closed","template":"","meta":{"_joinchat":[],"footnotes":""},"class_list":["post-13722","page","type-page","status-publish","hentry"],"_links":{"self":[{"href":"http:\/\/www.eam.iua.edu.ar\/eam\/wp-json\/wp\/v2\/pages\/13722","targetHints":{"allow":["GET"]}}],"collection":[{"href":"http:\/\/www.eam.iua.edu.ar\/eam\/wp-json\/wp\/v2\/pages"}],"about":[{"href":"http:\/\/www.eam.iua.edu.ar\/eam\/wp-json\/wp\/v2\/types\/page"}],"author":[{"embeddable":true,"href":"http:\/\/www.eam.iua.edu.ar\/eam\/wp-json\/wp\/v2\/users\/1"}],"replies":[{"embeddable":true,"href":"http:\/\/www.eam.iua.edu.ar\/eam\/wp-json\/wp\/v2\/comments?post=13722"}],"version-history":[{"count":25,"href":"http:\/\/www.eam.iua.edu.ar\/eam\/wp-json\/wp\/v2\/pages\/13722\/revisions"}],"predecessor-version":[{"id":14698,"href":"http:\/\/www.eam.iua.edu.ar\/eam\/wp-json\/wp\/v2\/pages\/13722\/revisions\/14698"}],"wp:attachment":[{"href":"http:\/\/www.eam.iua.edu.ar\/eam\/wp-json\/wp\/v2\/media?parent=13722"}],"curies":[{"name":"wp","href":"https:\/\/api.w.org\/{rel}","templated":true}]}}