{"id":17,"date":"2015-07-01T13:23:09","date_gmt":"2015-07-01T13:23:09","guid":{"rendered":"http:\/\/military.ancorathemes.com\/?page_id=17"},"modified":"2025-05-22T12:15:48","modified_gmt":"2025-05-22T15:15:48","slug":"contacto","status":"publish","type":"page","link":"http:\/\/www.eam.iua.edu.ar\/eam\/contacto\/","title":{"rendered":"Contacto"},"content":{"rendered":"<p>[vc_row][vc_column][vc_empty_space height=\u00bb5em\u00bb]<a href=\"http:\/\/www.eam.iua.edu.ar\/eam\/visita-a-colegios-secundarios\" target=\"new\" class=\"sc_button sc_button_square sc_button_style_filled sc_button_bg_link sc_button_size_small\">Visita a Colegios Secundarios<\/a>[vc_empty_space height=\u00bb5em\u00bb][\/vc_column][\/vc_row][vc_row][vc_column width=\u00bb1\/2&#8243;]<figure class=\"sc_image  sc_image_shape_square\"><img decoding=\"async\" src=\"http:\/\/www.eam.iua.edu.ar\/eam\/wp-content\/uploads\/2025\/05\/QR-Pagina-CONTACTO.jpeg\" alt=\"\" \/><\/figure>[\/vc_column][vc_column width=\u00bb1\/2&#8243;][vc_empty_space height=\u00bb3em\u00bb][\/vc_column][\/vc_row][vc_row disable_element=\u00bbyes\u00bb][vc_column]<h3 class=\"sc_title sc_title_regular \">Formulario de Contacto<\/h3>[vc_column_text]<\/p>\n<p style=\"text-align: left;\">Si prefieres mandarnos tu consulta por escrito, rellena el siguiente Formulario y recibir\u00e1s la respuesta en tu e-mail con la mayor brevedad.<\/p>\n<p>[\/vc_column_text][vc_empty_space]\n<div class=\"wpcf7 no-js\" id=\"wpcf7-f7994-o1\" lang=\"es-AR\" dir=\"ltr\" data-wpcf7-id=\"7994\">\n<div class=\"screen-reader-response\"><p role=\"status\" aria-live=\"polite\" aria-atomic=\"true\"><\/p> <ul><\/ul><\/div>\n<form action=\"\/eam\/wp-json\/wp\/v2\/pages\/17#wpcf7-f7994-o1\" method=\"post\" class=\"wpcf7-form init\" aria-label=\"Formulario de contacto\" novalidate=\"novalidate\" data-status=\"init\">\n<div style=\"display: none;\">\n<input type=\"hidden\" name=\"_wpcf7\" value=\"7994\" \/>\n<input type=\"hidden\" name=\"_wpcf7_version\" value=\"6.0.6\" \/>\n<input type=\"hidden\" name=\"_wpcf7_locale\" value=\"es_AR\" \/>\n<input type=\"hidden\" name=\"_wpcf7_unit_tag\" value=\"wpcf7-f7994-o1\" \/>\n<input type=\"hidden\" name=\"_wpcf7_container_post\" value=\"0\" \/>\n<input type=\"hidden\" name=\"_wpcf7_posted_data_hash\" value=\"\" \/>\n<input type=\"hidden\" name=\"_wpcf7cf_hidden_group_fields\" value=\"[]\" \/>\n<input type=\"hidden\" name=\"_wpcf7cf_hidden_groups\" value=\"[]\" \/>\n<input type=\"hidden\" name=\"_wpcf7cf_visible_groups\" value=\"[]\" \/>\n<input type=\"hidden\" name=\"_wpcf7cf_repeaters\" value=\"[]\" \/>\n<input type=\"hidden\" name=\"_wpcf7cf_steps\" value=\"{}\" \/>\n<input type=\"hidden\" name=\"_wpcf7cf_options\" value=\"{&quot;form_id&quot;:7994,&quot;conditions&quot;:[],&quot;settings&quot;:{&quot;animation&quot;:&quot;yes&quot;,&quot;animation_intime&quot;:200,&quot;animation_outtime&quot;:200,&quot;conditions_ui&quot;:&quot;normal&quot;,&quot;notice_dismissed&quot;:false,&quot;notice_dismissed_update-cf7-5.4.1&quot;:true,&quot;notice_dismissed_update-cf7-5.4.2&quot;:true}}\" \/>\n<\/div>\n<p><label> Tu correo electr\u00f3nico (requerido)<br \/>\n<span class=\"wpcf7-form-control-wrap\" data-name=\"your-email\"><input size=\"40\" maxlength=\"400\" class=\"wpcf7-form-control wpcf7-email wpcf7-validates-as-required wpcf7-text wpcf7-validates-as-email\" aria-required=\"true\" aria-invalid=\"false\" value=\"\" type=\"email\" name=\"your-email\" \/><\/span> <\/label>\n<\/p>\n<p><label> Tel\u00e9fono (requerido)<br \/>\n<span class=\"wpcf7-form-control-wrap\" data-name=\"telefono\"><input size=\"40\" maxlength=\"400\" class=\"wpcf7-form-control wpcf7-text wpcf7-validates-as-required\" aria-required=\"true\" aria-invalid=\"false\" value=\"\" type=\"text\" name=\"telefono\" \/><\/span> <\/label>\n<\/p>\n<p><label> Nombre (requerido)<br \/>\n<span class=\"wpcf7-form-control-wrap\" data-name=\"Nombre\"><input size=\"40\" maxlength=\"400\" class=\"wpcf7-form-control wpcf7-text wpcf7-validates-as-required\" aria-required=\"true\" aria-invalid=\"false\" value=\"\" type=\"text\" name=\"Nombre\" \/><\/span> <\/label>\n<\/p>\n<p><label> Apellido (requerido)<br \/>\n<span class=\"wpcf7-form-control-wrap\" data-name=\"Apellido\"><input size=\"40\" maxlength=\"400\" class=\"wpcf7-form-control wpcf7-text wpcf7-validates-as-required\" aria-required=\"true\" aria-invalid=\"false\" value=\"\" type=\"text\" name=\"Apellido\" \/><\/span> <\/label>\n<\/p>\n<p><label>Motivo de la Consulta (requerido)<br \/>\nSelecciona el motivo de la consulta, de esta manera, podremos contestarte de una manera m\u00e1s r\u00e1pida y espec\u00edfica:<br \/>\n-Para consultas administrativas, m\u00e9dicas y de incorporaci\u00f3n, seleccionar \"incorporaci\u00f3n\".<br \/>\n-Para consultas sobre visitas a la Escuela de Aviaci\u00f3n Militar, seleccionar \"Relaciones P\u00fablicas\".<br \/>\n-Para consultas sobre eventos de la Carrera de Oficial de la FAA, seleccionar \"Eventos de Difusi\u00f3n\".<br \/>\n-Para consultas sobre incorporaci\u00f3n de soldados voluntarios a la Escuela de Aviacion Militar, seleccionar \"Soldado Voluntario\".<br \/>\n<label>Seleccione el Motivo de la consulta<\/label><br \/>\n<span class=\"wpcf7-form-control-wrap\" data-name=\"your-recipient\"><select class=\"wpcf7-form-control wpcf7-select\" aria-invalid=\"false\" name=\"your-recipient\"><option value=\"Incorporaci\u00f3n\">Incorporaci\u00f3n<\/option><option value=\"Relaciones P\u00fablicas\">Relaciones P\u00fablicas<\/option><option value=\"Soldado Voluntario\">Soldado Voluntario<\/option><option value=\"Eventos de Difusi\u00f3n\">Eventos de Difusi\u00f3n<\/option><\/select><\/span> <\/label>\n<\/p>\n<p><label> Mensaje (requerido)<br \/>\n<span class=\"wpcf7-form-control-wrap\" data-name=\"Mensaje\"><textarea cols=\"40\" rows=\"10\" maxlength=\"2000\" class=\"wpcf7-form-control wpcf7-textarea wpcf7-validates-as-required\" aria-required=\"true\" aria-invalid=\"false\" name=\"Mensaje\"><\/textarea><\/span><\/label>\n<\/p>\n<p><span id=\"wpcf7-6a0188628815a-wrapper\" class=\"wpcf7-form-control-wrap honeypot-291-wrap\" style=\"display:none !important; visibility:hidden !important;\"><label for=\"wpcf7-6a0188628815a-field\" class=\"hp-message\">Please leave this field empty.<\/label><input id=\"wpcf7-6a0188628815a-field\"  class=\"wpcf7-form-control wpcf7-text\" type=\"text\" name=\"honeypot-291\" value=\"\" size=\"40\" tabindex=\"-1\" autocomplete=\"new-password\" \/><\/span>\n<\/p>\n<p><input class=\"wpcf7-form-control wpcf7-submit has-spinner\" type=\"submit\" value=\"ENVIAR\" \/>\n<\/p><input type='hidden' class='wpcf7-pum' value='{\"closepopup\":false,\"closedelay\":0,\"openpopup\":false,\"openpopup_id\":0}' \/><div class=\"wpcf7-response-output\" aria-hidden=\"true\"><\/div>\n<\/form>\n<\/div>\n[\/vc_column][\/vc_row][vc_row][vc_column][vc_empty_space height=\u00bb4em\u00bb][\/vc_column][\/vc_row][vc_row equal_height=\u00bbyes\u00bb css=\u00bb.vc_custom_1506033972208{padding-left: 3em !important;}\u00bb][vc_column width=\u00bb1\/4&#8243; css=\u00bb.vc_custom_1506034078176{border-right-width: 4px !important;padding-right: 4em !important;border-right-color: #f0a140 !important;border-right-style: solid !important;}\u00bb]<figure class=\"sc_image  alignright sc_image_shape_square\"><img decoding=\"async\" src=\"http:\/\/www.eam.iua.edu.ar\/eam\/wp-content\/uploads\/2017\/08\/brevet_eam.png\" alt=\"\" \/><\/figure>[\/vc_column][vc_column width=\u00bb3\/4&#8243;][vc_empty_space height=\u00bb2em\u00bb][vc_column_text css=\u00bb.vc_custom_1747925673099{padding-left: 3em !important;}\u00bb]<\/p>\n<p style=\"text-align: left;\">Tel\u00e9fono: 011-43176000. Interno 37321 (Dpto. Relaciones P\u00fablicas &#8211; email: <span style=\"color: #0000ff;\">rrpp@eam.iua.edu.ar<\/span>), 37358 (Div. Incorporaci\u00f3n), 37288 (Div. Difusi\u00f3n).<\/p>\n<p style=\"text-align: left;\">Horario de Atenci\u00f3n: lunes a viernes de 8 a 14hs.<br \/>\nGuarnici\u00f3n A\u00e9rea C\u00f3rdoba (X5011DEC).<br \/>\nAv. Fuerza A\u00e9rea km 6 \u00bd.<\/p>\n<p>[\/vc_column_text][\/vc_column][\/vc_row][vc_row][vc_column][vc_empty_space height=\u00bb3em\u00bb][\/vc_column][\/vc_row][vc_row full_width=\u00bbstretch_row_content\u00bb equal_height=\u00bbs\u00ed\u00bb disable_element=\u00bbs\u00ed\u00bb el_class=\u00bbfrases\u00bb css=\u00bb.vc_custom_1506035282770{background-image: url(http:\/\/www.eam.iua.edu.ar\/eam\/wp-content\/uploads\/2015\/07\/08b.jpg?id=2943) !important; background-position: center !important; background-repeat: no-repeat !important; background-size: cover !important;}\u00bb][vc_column width=\u00bb1\/4&#8243; css=\u00bb.vc_custom_1506004975013{background-image: url(http:\/\/www.eam.iua.edu.ar\/eam\/wp-content\/uploads\/2015\/07\/conducta.png?id=1839) !important; posici\u00f3n de fondo: 0 0 !importante; background-repeat: no-repeat !important;}\u00bb][\/vc_column][vc_column width=\u00bb3\/4&#8243;][vc_empty_space height=\u00bb4em\u00bb]<figure class=\"sc_image  sc_image_shape_square\" style=\"width:60%;\"><img decoding=\"async\" src=\"http:\/\/www.eam.iua.edu.ar\/eam\/wp-content\/uploads\/2015\/07\/08.png\" alt=\"\" \/><\/figure>[vc_empty_space height=\u00bb4em\u00bb][vc_empty_space height=\u00bb3em\u00bb][\/vc_column][\/vc_row]<\/p>\n","protected":false},"excerpt":{"rendered":"<p>[vc_row][vc_column][vc_empty_space height=\u00bb5em\u00bb][vc_empty_space height=\u00bb5em\u00bb][\/vc_column][\/vc_row][vc_row][vc_column width=\u00bb1\/2&#8243;][\/vc_column][vc_column width=\u00bb1\/2&#8243;][vc_empty_space height=\u00bb3em\u00bb][\/vc_column][\/vc_row][vc_row disable_element=\u00bbyes\u00bb][vc_column][vc_column_text] Si prefieres mandarnos tu consulta por escrito, rellena el siguiente Formulario y recibir\u00e1s la respuesta en tu e-mail con la mayor brevedad. [\/vc_column_text][vc_empty_space][\/vc_column][\/vc_row][vc_row][vc_column][vc_empty_space height=\u00bb4em\u00bb][\/vc_column][\/vc_row][vc_row equal_height=\u00bbyes\u00bb css=\u00bb.vc_custom_1506033972208{padding-left: 3em !important;}\u00bb][vc_column width=\u00bb1\/4&#8243; css=\u00bb.vc_custom_1506034078176{border-right-width: 4px !important;padding-right: 4em !important;border-right-color: #f0a140 !important;border-right-style: solid !important;}\u00bb][\/vc_column][vc_column width=\u00bb3\/4&#8243;][vc_empty_space height=\u00bb2em\u00bb][vc_column_text css=\u00bb.vc_custom_1747925673099{padding-left: 3em !important;}\u00bb] Tel\u00e9fono: 011-43176000. Interno 37321 (Dpto. [&hellip;]<\/p>\n","protected":false},"author":1,"featured_media":7759,"parent":0,"menu_order":0,"comment_status":"closed","ping_status":"closed","template":"","meta":{"_joinchat":[],"footnotes":""},"class_list":["post-17","page","type-page","status-publish","has-post-thumbnail","hentry"],"_links":{"self":[{"href":"http:\/\/www.eam.iua.edu.ar\/eam\/wp-json\/wp\/v2\/pages\/17","targetHints":{"allow":["GET"]}}],"collection":[{"href":"http:\/\/www.eam.iua.edu.ar\/eam\/wp-json\/wp\/v2\/pages"}],"about":[{"href":"http:\/\/www.eam.iua.edu.ar\/eam\/wp-json\/wp\/v2\/types\/page"}],"author":[{"embeddable":true,"href":"http:\/\/www.eam.iua.edu.ar\/eam\/wp-json\/wp\/v2\/users\/1"}],"replies":[{"embeddable":true,"href":"http:\/\/www.eam.iua.edu.ar\/eam\/wp-json\/wp\/v2\/comments?post=17"}],"version-history":[{"count":43,"href":"http:\/\/www.eam.iua.edu.ar\/eam\/wp-json\/wp\/v2\/pages\/17\/revisions"}],"predecessor-version":[{"id":14474,"href":"http:\/\/www.eam.iua.edu.ar\/eam\/wp-json\/wp\/v2\/pages\/17\/revisions\/14474"}],"wp:featuredmedia":[{"embeddable":true,"href":"http:\/\/www.eam.iua.edu.ar\/eam\/wp-json\/wp\/v2\/media\/7759"}],"wp:attachment":[{"href":"http:\/\/www.eam.iua.edu.ar\/eam\/wp-json\/wp\/v2\/media?parent=17"}],"curies":[{"name":"wp","href":"https:\/\/api.w.org\/{rel}","templated":true}]}}