{"id":2584,"date":"2017-09-04T12:11:59","date_gmt":"2017-09-04T15:11:59","guid":{"rendered":"http:\/\/localhost\/eam\/?page_id=2584"},"modified":"2018-03-23T09:14:33","modified_gmt":"2018-03-23T12:14:33","slug":"ubicacion","status":"publish","type":"page","link":"http:\/\/www.eam.iua.edu.ar\/eam\/ubicacion\/","title":{"rendered":"Ubicaci\u00f3n"},"content":{"rendered":"<p>[vc_row][vc_column]<h1 class=\"sc_title sc_title_regular \">Ubicaci\u00f3n<\/h1>[vc_empty_space height=\u00bb4em\u00bb][vc_row_inner equal_height=\u00bbyes\u00bb][vc_column_inner][vc_column_text css=\u00bb.vc_custom_1505413529814{padding-right: 2em !important;padding-left: 2em !important;}\u00bb]<\/p>\n<p style=\"text-align: justify;\">La Escuela de Aviaci\u00f3n Militar se encuentra ubicada en la provincia de C\u00f3rdoba, distante a s\u00f3lo 6 km de la capital de la misma, sobre la Ruta Nacional N\u00b0 20 o Avenida Fuerza A\u00e9rea Argentina km 6 1\/2, camino a la ciudad de Villa Carlos Paz. El edificio, de estilo colonial, ocupa un predio de 40 hect\u00e1reas con una pista de aterrizaje de 2000 metros.<\/p>\n<p style=\"text-align: justify;\">Av Fuerza A\u00e9rea km 6 1\/2 Guarnici\u00f3n A\u00e9rea C\u00f3rdoba (X5011DEC) C\u00d3RDOBA &#8211; REP\u00daBLICA ARGENTINA.<\/p>\n<p>[\/vc_column_text][\/vc_column_inner][\/vc_row_inner][vc_empty_space height=\u00bb4em\u00bb][\/vc_column][\/vc_row][vc_row][vc_column][vc_empty_space height=\u00bb4em\u00bb][\/vc_column][\/vc_row][vc_row][vc_column]<div id=\"sc_googlemap_661423059\" class=\"sc_googlemap\" style=\"width:100%;height:450px;\" data-zoom=\"15\" data-style=\"greyscale2\"><iframe src=\"https:\/\/maps.google.com\/maps?t=m&output=embed&iwloc=near&z=15&q=\" scrolling=\"no\" marginheight=\"0\" marginwidth=\"0\" frameborder=\"0\" aria-label=\"\"><\/iframe><\/div>[\/vc_column][\/vc_row]<\/p>\n","protected":false},"excerpt":{"rendered":"<p>[vc_row][vc_column][vc_empty_space height=\u00bb4em\u00bb][vc_row_inner equal_height=\u00bbyes\u00bb][vc_column_inner][vc_column_text css=\u00bb.vc_custom_1505413529814{padding-right: 2em !important;padding-left: 2em !important;}\u00bb] La Escuela de Aviaci\u00f3n Militar se encuentra ubicada en la provincia de C\u00f3rdoba, distante a s\u00f3lo 6 km de la capital de la misma, sobre la Ruta Nacional N\u00b0 20 o Avenida Fuerza A\u00e9rea Argentina km 6 1\/2, camino a la ciudad de Villa Carlos Paz. El [&hellip;]<\/p>\n","protected":false},"author":1,"featured_media":0,"parent":0,"menu_order":0,"comment_status":"closed","ping_status":"closed","template":"","meta":{"_joinchat":[],"footnotes":""},"class_list":["post-2584","page","type-page","status-publish","hentry"],"_links":{"self":[{"href":"http:\/\/www.eam.iua.edu.ar\/eam\/wp-json\/wp\/v2\/pages\/2584","targetHints":{"allow":["GET"]}}],"collection":[{"href":"http:\/\/www.eam.iua.edu.ar\/eam\/wp-json\/wp\/v2\/pages"}],"about":[{"href":"http:\/\/www.eam.iua.edu.ar\/eam\/wp-json\/wp\/v2\/types\/page"}],"author":[{"embeddable":true,"href":"http:\/\/www.eam.iua.edu.ar\/eam\/wp-json\/wp\/v2\/users\/1"}],"replies":[{"embeddable":true,"href":"http:\/\/www.eam.iua.edu.ar\/eam\/wp-json\/wp\/v2\/comments?post=2584"}],"version-history":[{"count":12,"href":"http:\/\/www.eam.iua.edu.ar\/eam\/wp-json\/wp\/v2\/pages\/2584\/revisions"}],"predecessor-version":[{"id":3628,"href":"http:\/\/www.eam.iua.edu.ar\/eam\/wp-json\/wp\/v2\/pages\/2584\/revisions\/3628"}],"wp:attachment":[{"href":"http:\/\/www.eam.iua.edu.ar\/eam\/wp-json\/wp\/v2\/media?parent=2584"}],"curies":[{"name":"wp","href":"https:\/\/api.w.org\/{rel}","templated":true}]}}