{"id":2790,"date":"2017-09-14T18:30:52","date_gmt":"2017-09-14T21:30:52","guid":{"rendered":"http:\/\/www.eam2.iua.edu.ar\/eam\/?page_id=2790"},"modified":"2020-09-15T11:52:48","modified_gmt":"2020-09-15T14:52:48","slug":"investigacion","status":"publish","type":"page","link":"http:\/\/www.eam.iua.edu.ar\/eam\/investigacion\/","title":{"rendered":"Secretaria de Investigaci\u00f3n"},"content":{"rendered":"<p>[vc_row gap=\u00bb3&#8243; full_height=\u00bbyes\u00bb equal_height=\u00bbyes\u00bb][vc_column width=\u00bb1\/2&#8243; css=\u00bb.vc_custom_1574768853186{padding-right: 3em !important;}\u00bb]<h2 class=\"sc_title sc_title_regular \">Objetivo<\/h2>[vc_empty_space height=\u00bb2em\u00bb][vc_column_text]<\/p>\n<p style=\"text-align: justify;\">La Secretar\u00eda de Investigaci\u00f3n del Cuerpo de Cadetes de la Escuela de Aviaci\u00f3n Militar tiene como finalidad promover y apoyar la investigaci\u00f3n en los campos disciplinarios en desarrollo en esta Instituci\u00f3n.<\/p>\n<p>[\/vc_column_text][\/vc_column][vc_column width=\u00bb1\/2&#8243;]<figure class=\"sc_image  alignleft sc_image_shape_square\" data-animation=\"animated fadeIn normal\"><img decoding=\"async\" src=\"http:\/\/www.eam.iua.edu.ar\/eam\/wp-content\/uploads\/2019\/11\/eam-investigacion.jpg\" alt=\"\" \/><\/figure>[\/vc_column][\/vc_row][vc_row][vc_column][vc_empty_space height=\u00bb3em\u00bb][vc_text_separator title=\u00bb\u00bb border_width=\u00bb2&#8243;][vc_empty_space height=\u00bb3em\u00bb]<h3 class=\"sc_title sc_title_regular \">\u00c1reas de Trabajo<\/h3>[vc_empty_space height=\u00bb3em\u00bb]<div class=\"columns_wrap sc_columns columns_fluid sc_columns_count_5\" data-animation=\"animated fadeIn normal\"><div class=\"column-1_5 sc_column_item sc_column_item_1 odd first\" data-animation=\"animated fadeIn normal\"><\/div><div class=\"column-1_5 sc_column_item sc_column_item_2 even\"><\/div><div class=\"column-1_5 sc_column_item sc_column_item_3 odd\"><\/div><div class=\"column-1_5 sc_column_item sc_column_item_4 even\"><\/div><div class=\"column-1_5 sc_column_item sc_column_item_5 odd\"><\/div><\/div>[vc_empty_space height=\u00bb3em\u00bb][\/vc_column][\/vc_row][vc_row][vc_column]<h3 class=\"sc_title sc_title_regular \">EN ESTA SECCI\u00d3N PODR\u00c1 ENCONTRAR INFORMACI\u00d3N REFERIDA A<\/h3>[vc_empty_space height=\u00bb3em\u00bb]<ul class=\"sc_list sc_list_style_iconed\"><li class=\"sc_list_item odd first\"><a href=\"mailto:secretariainvestigac@eam.iua.edu.ar\"><span class=\"sc_list_icon icon-star\" style=\"color:#000033;\"><\/span>[vc_column_text]Cursos y Capacitaciones.[\/vc_column_text]<\/a><\/li><li class=\"sc_list_item even\"><a href=\"mailto:secretariainvestigac@eam.iua.edu.ar\"><span class=\"sc_list_icon icon-star\" style=\"color:#000033;\"><\/span>[vc_column_text]PAMA (Programa de Apoyo a Iniciativas de Movilidad Acad\u00e9micas).[\/vc_column_text]<\/a><\/li><li class=\"sc_list_item odd\"><a href=\"mailto:secretariainvestigac@eam.iua.edu.ar\"><span class=\"sc_list_icon icon-star\" style=\"color:#000033;\"><\/span>[vc_column_text]Informaci\u00f3n de Inter\u00e9s para Docentes Investigadores.[\/vc_column_text]<\/a><\/li><li class=\"sc_list_item even\"><a href=\"http:\/\/secretariainvestigac@eam.iua.edu.ar\"><span class=\"sc_list_icon icon-star\" style=\"color:#000033;\"><\/span>[vc_column_text]Proyectos de Investigaci\u00f3n que se llevan a cabo desde la Escuela de Aviaci\u00f3n militar.[\/vc_column_text]<\/a><\/li><li class=\"sc_list_item odd\"><a href=\"mailto:secretariainvestigac@eam.iua.edu.ar\"><span class=\"sc_list_icon icon-star\" style=\"color:#000033;\"><\/span>[vc_column_text]Convocatorias a becas y subsidios.[\/vc_column_text]<\/a><\/li><\/ul>[vc_text_separator title=\u00bb\u00bb border_width=\u00bb2&#8243;][vc_empty_space height=\u00bb3em\u00bb][\/vc_column][\/vc_row][vc_row][vc_column][vc_empty_space height=\u00bb3em\u00bb][vc_masonry_grid post_type=\u00bbpost\u00bb max_items=\u00bb10&#8243; style=\u00bbload-more\u00bb items_per_page=\u00bb4&#8243; item=\u00bb5045&#8243; initial_loading_animation=\u00bbfadeIn\u00bb grid_id=\u00bbvc_gid:1600181462828-286aeb3c07aa98bd2059fbadd7bf2a97-1&#8243; taxonomies=\u00bb129&#8243;][\/vc_column][\/vc_row][vc_row][vc_column]<h1 class=\"sc_title sc_title_regular \">Contacto<\/h1>[vc_empty_space height=\u00bb34px\u00bb][vc_column_text]Direcci\u00f3n Av. Fuerza A\u00e9rea Km 6 y \u00bd Guarnici\u00f3n A\u00e9rea C\u00f3rdoba, C\u00f3rdoba, Argentina. <strong>Colectivo urbano: 67<\/strong><br \/>\nEscuadr\u00f3n Estudios, planta alta.<br \/>\nC\u00f3rdoba (CP: 5011)<br \/>\n<strong>Tel\u00e9fono:<\/strong> 0351-4333900 \u2013 int. 37466<br \/>\n<strong>Horarios de atenci\u00f3n:<\/strong> lunes a viernes de 08:00hs a 15.00hs<br \/>\n<strong>Correo electr\u00f3nico:<\/strong> <a href=\"mailto:secretariainvestigac@eam.iua.edu.ar\">secretariainvestigac@eam.iua.edu.ar<\/a>[\/vc_column_text][vc_empty_space height=\u00bb34px\u00bb][vc_raw_html]JTNDaWZyYW1lJTIwc3JjJTNEJTIyaHR0cHMlM0ElMkYlMkZ3d3cuZ29vZ2xlLmNvbSUyRm1hcHMlMkZlbWJlZCUzRnBiJTNEJTIxMW0xOCUyMTFtMTIlMjExbTMlMjExZDQ4MTQuMDk4NDY1NDA5MzY0JTIxMmQtNjQuMjcwNDQ5NzkyNjE0NzElMjEzZC0zMS40Mzk0MTg0ODg4Nzg0MyUyMTJtMyUyMTFmMCUyMTJmMCUyMTNmMCUyMTNtMiUyMTFpMTAyNCUyMTJpNzY4JTIxNGYxMy4xJTIxM20zJTIxMW0yJTIxMXMweDk0MzJhMWNlMjg4NGRlZDclMjUzQTB4NWZmZGM4ZTM1Y2NjZWVhOCUyMTJzRXNjdWVsYSUyNTIwZGUlMjUyMEF2aWFjaSUyNUMzJTI1QjNuJTI1MjBNaWxpdGFyJTIxNWUwJTIxM20yJTIxMXNlcy00MTklMjEyc2FyJTIxNHYxNTcxODQ3MTcwMTY0JTIxNW0yJTIxMXNlcy00MTklMjEyc2FyJTIyJTIwd2lkdGglM0QlMjI0MDAlMjIlMjBoZWlnaHQlM0QlMjI0MDAlMjIlMjBmcmFtZWJvcmRlciUzRCUyMjAlMjIlMjBzdHlsZSUzRCUyMmJvcmRlciUzQTAlM0IlMjIlMjBhbGxvd2Z1bGxzY3JlZW4lM0QlMjIlMjIlM0UlM0MlMkZpZnJhbWUlM0U=[\/vc_raw_html][\/vc_column][\/vc_row]<\/p>\n","protected":false},"excerpt":{"rendered":"<p>[vc_row gap=\u00bb3&#8243; full_height=\u00bbyes\u00bb equal_height=\u00bbyes\u00bb][vc_column width=\u00bb1\/2&#8243; css=\u00bb.vc_custom_1574768853186{padding-right: 3em !important;}\u00bb][vc_empty_space height=\u00bb2em\u00bb][vc_column_text] La Secretar\u00eda de Investigaci\u00f3n del Cuerpo de Cadetes de la Escuela de Aviaci\u00f3n Militar tiene como finalidad promover y apoyar la investigaci\u00f3n en los campos disciplinarios en desarrollo en esta Instituci\u00f3n. [\/vc_column_text][\/vc_column][vc_column width=\u00bb1\/2&#8243;][\/vc_column][\/vc_row][vc_row][vc_column][vc_empty_space height=\u00bb3em\u00bb][vc_text_separator title=\u00bb\u00bb border_width=\u00bb2&#8243;][vc_empty_space height=\u00bb3em\u00bb][vc_empty_space height=\u00bb3em\u00bb][vc_empty_space height=\u00bb3em\u00bb][\/vc_column][\/vc_row][vc_row][vc_column][vc_empty_space height=\u00bb3em\u00bb][vc_text_separator title=\u00bb\u00bb border_width=\u00bb2&#8243;][vc_empty_space height=\u00bb3em\u00bb][\/vc_column][\/vc_row][vc_row][vc_column][vc_empty_space height=\u00bb3em\u00bb][vc_masonry_grid post_type=\u00bbpost\u00bb max_items=\u00bb10&#8243; [&hellip;]<\/p>\n","protected":false},"author":1,"featured_media":8885,"parent":0,"menu_order":0,"comment_status":"closed","ping_status":"closed","template":"","meta":{"_joinchat":[],"footnotes":""},"class_list":["post-2790","page","type-page","status-publish","has-post-thumbnail","hentry"],"_links":{"self":[{"href":"http:\/\/www.eam.iua.edu.ar\/eam\/wp-json\/wp\/v2\/pages\/2790","targetHints":{"allow":["GET"]}}],"collection":[{"href":"http:\/\/www.eam.iua.edu.ar\/eam\/wp-json\/wp\/v2\/pages"}],"about":[{"href":"http:\/\/www.eam.iua.edu.ar\/eam\/wp-json\/wp\/v2\/types\/page"}],"author":[{"embeddable":true,"href":"http:\/\/www.eam.iua.edu.ar\/eam\/wp-json\/wp\/v2\/users\/1"}],"replies":[{"embeddable":true,"href":"http:\/\/www.eam.iua.edu.ar\/eam\/wp-json\/wp\/v2\/comments?post=2790"}],"version-history":[{"count":59,"href":"http:\/\/www.eam.iua.edu.ar\/eam\/wp-json\/wp\/v2\/pages\/2790\/revisions"}],"predecessor-version":[{"id":10511,"href":"http:\/\/www.eam.iua.edu.ar\/eam\/wp-json\/wp\/v2\/pages\/2790\/revisions\/10511"}],"wp:featuredmedia":[{"embeddable":true,"href":"http:\/\/www.eam.iua.edu.ar\/eam\/wp-json\/wp\/v2\/media\/8885"}],"wp:attachment":[{"href":"http:\/\/www.eam.iua.edu.ar\/eam\/wp-json\/wp\/v2\/media?parent=2790"}],"curies":[{"name":"wp","href":"https:\/\/api.w.org\/{rel}","templated":true}]}}