{"id":692,"date":"2017-08-09T18:38:11","date_gmt":"2017-08-09T18:38:11","guid":{"rendered":"http:\/\/military.ancorathemes.com\/?page_id=692"},"modified":"2025-05-30T16:56:31","modified_gmt":"2025-05-30T19:56:31","slug":"informacion-general","status":"publish","type":"page","link":"http:\/\/www.eam.iua.edu.ar\/eam\/informacion-general\/","title":{"rendered":"Informaci\u00f3n General"},"content":{"rendered":"<p>[vc_row full_width=\u00bbstretch_row_content_no_spaces\u00bb][vc_column][vc_empty_space height=\u00bb5em\u00bb][vc_column_text]<\/p>\n<h2 style=\"text-align: center;\"><span class=\"titulo-seccion\">CARRERA DE OFICIAL DE LA FUERZA A\u00c9REA ARGENTINA<\/span><\/h2>\n<p>[\/vc_column_text][\/vc_column][\/vc_row][vc_row full_width=\u00bbstretch_row\u00bb][vc_column][vc_empty_space height=\u00bb5em\u00bb][vc_row_inner equal_height=\u00bbyes\u00bb][vc_column_inner width=\u00bb1\/2&#8243; css=\u00bb.vc_custom_1748607577317{border-right-width: 20px !important;background-image: url(http:\/\/www.eam.iua.edu.ar\/eam\/wp-content\/uploads\/2025\/05\/F-16_SLOGAN_square-reemplazo-Pucara-1.webp?id=14577) !important;background-position: center !important;background-repeat: no-repeat !important;background-size: cover !important;border-right-color: #b22d2e !important;border-right-style: solid !important;}\u00bb][\/vc_column_inner][vc_column_inner width=\u00bb1\/2&#8243;][vc_column_text css=\u00bb.vc_custom_1508341739303{padding-right: 3em !important;padding-left: 3em !important;}\u00bb]<\/p>\n<p style=\"text-align: justify;\">La Carrera que brinda la EAM consta de un Plan de Ense\u00f1anza de 4 a\u00f1os, durante los cuales los alumnos se forman como Cadetes, recibiendo una educaci\u00f3n profesional. La caracter\u00edstica m\u00e1s relevante es la adecuada articulaci\u00f3n entre actividades acad\u00e9micas, militares y deportivas, lo que propicia una FORMACI\u00d3N INTEGRAL. Finalizado dicho ciclo, los Cadetes egresan como Oficiales de la Fuerza A\u00e9rea Argentina, con el grado de Alf\u00e9rez, obteniendo adem\u00e1s la\u00a0<strong>\u00abLicenciatura en Conducci\u00f3n de Recursos Aeroespaciales para la Defensa\u00bb (LICRAD).<\/strong><\/p>\n<p>[\/vc_column_text][vc_empty_space height=\u00bb4em\u00bb][vc_empty_space height=\u00bb4em\u00bb][vc_empty_space height=\u00bb4em\u00bb][\/vc_column_inner][\/vc_row_inner][vc_empty_space height=\u00bb3em\u00bb][\/vc_column][\/vc_row][vc_row full_width=\u00bbstretch_row\u00bb][vc_column]<h1 class=\"sc_title sc_title_regular \"><\/p>\n<h1 style=\"text-align: center;\">\u00a0Alcance del T\u00edtulo<\/h1>\n<p><\/h1>[vc_empty_space height=\u00bb3em\u00bb][vc_row_inner equal_height=\u00bbyes\u00bb el_class=\u00bbalcance\u00bb][vc_column_inner width=\u00bb2\/3&#8243; css=\u00bb.vc_custom_1502309213972{margin-left: 2em !important;}\u00bb][vc_column_text css=\u00bb.vc_custom_1508341807009{padding-right: 2em !important;padding-left: 2em !important;}\u00bb]<\/p>\n<p style=\"text-align: justify;\">Participar en el empleo del poder militar del Estado en defensa de la Constituci\u00f3n Nacional y los intereses vitales y estrat\u00e9gicos de la Naci\u00f3n en \u00e1mbitos espec\u00edficos, conjuntos y combinados.<\/p>\n<p style=\"text-align: justify;\">Conducir distintos tipos de unidades y sistemas tecnol\u00f3gicos del poder aeron\u00e1utico militar en el marco de operaciones de la Fuerza A\u00e9rea Argentina (F.A.A.), con otras Fuerzas Armadas nacionales e internacionales, desarrolladas en tiempo de paz, en crisis y en operaciones de combate y acorde a las etapas del Plan de Carrera del Personal Militar Superior.<\/p>\n<p style=\"text-align: justify;\">Administrar los recursos de la F.A.A. (personal, material, infraestructura, servicios, presupuesto e informaci\u00f3n asociada) acorde a las etapas del Plan de Carrera del Personal Militar Superior.<\/p>\n<p>Participar en acciones de cooperaci\u00f3n con organizaciones del Estado Nacional, Estados Provinciales u otras no pertenecientes a la Defensa Nacional, en el marco jur\u00eddico correspondiente.<\/p>\n<p>Conducir y liderar personal y equipos de trabajo en distintos niveles jer\u00e1rquicos y en organizaciones militares, acorde a las etapas del Plan de Carrera del Personal Militar Superior.<\/p>\n<p>Ejercer funciones de docencia de nivel universitario en \u00e1reas de su competencia profesional.<\/p>\n<p>Participar en programas de desarrollo y proyectos relacionados con el \u00e1rea aeroespacial militar, acorde a las etapas del Plan de Carrera del Personal Militar Superior.<\/p>\n<p>Aplicar los procedimientos vinculados con actuaciones disciplinarias y administrativas militares en el marco jur\u00eddico correspondiente.[\/vc_column_text][vc_empty_space height=\u00bb4em\u00bb][vc_btn title=\u00bbResoluci\u00f3n Ministerial &#8211; Validez del T\u00edtulo\u00bb style=\u00bbclassic\u00bb size=\u00bblg\u00bb align=\u00bbcenter\u00bb link=\u00bburl:http%3A%2F%2Fwww.eam.iua.edu.ar%2Feam%2Fwp-content%2Fuploads%2F2022%2F07%2FRESOLUCION-MINISTERIAL-RS-2018-41628249-APN-ME.pdf|target:_blank\u00bb][\/vc_column_inner][vc_column_inner el_class=\u00bbalcance\u00bb width=\u00bb1\/3&#8243; css=\u00bb.vc_custom_1505313214875{border-left-width: 20px !important;background-image: url(http:\/\/www.eam.iua.edu.ar\/eam\/wp-content\/uploads\/2017\/08\/justicia1.jpg?id=782) !important;background-position: center !important;background-repeat: no-repeat !important;background-size: cover !important;border-left-color: #b22d2e !important;border-left-style: solid !important;}\u00bb][\/vc_column_inner][\/vc_row_inner][vc_empty_space height=\u00bb4em\u00bb][\/vc_column][\/vc_row][vc_row full_width=\u00bbstretch_row_content_no_spaces\u00bb parallax=\u00bbcontent-moving\u00bb css=\u00bb.vc_custom_1505313264208{background-image: url(http:\/\/www.eam.iua.edu.ar\/eam\/wp-content\/uploads\/2017\/08\/desierto-cover.jpg?id=896) !important;}\u00bb el_class=\u00bbplan\u00bb][vc_column][\/vc_column][\/vc_row][vc_row full_width=\u00bbstretch_row\u00bb][vc_column][vc_empty_space height=\u00bb4em\u00bb]<h3 class=\"sc_title sc_title_regular  sc_align_center\" style=\"text-align:center;\"><\/p>\n<h1 style=\"text-align: center;\">Vida del Cadete<\/h1>\n<p><\/h3><h5 class=\"sc_title sc_title_regular  sc_align_center\" style=\"text-transform: initial;text-align:center;color:#a6272e;font-size:1.8em;\"><\/p>\n<p style=\"text-align: center;\">Formaci\u00f3n en la EAM<\/p>\n<p><\/h5>[vc_empty_space height=\u00bb0em\u00bb][vc_column_text]<\/p>\n<p style=\"text-align: justify;\"><span class=\"fontstyle0\">La carrera consta de un Plan de Ense\u00f1anza de cuatro a\u00f1os, durante los cuales los alumnos se forman como Cadetes recibiendo una educaci\u00f3n profesional. La caracter\u00edstica m\u00e1s relevante es la adecuada articulaci\u00f3n entre las actividades acad\u00e9micas, militares y deportivas, lo que propicia una formaci\u00f3n integral.<\/span><\/p>\n<p style=\"text-align: justify;\"><span class=\"fontstyle0\">Finalizado dicho ciclo los Cadetes egresan como Personal Militar Superior con el grado de Alf\u00e9rez, obteniendo adem\u00e1s la Licenciatura en Conducci\u00f3n de Recursos Aeroespaciales para la Defensa.<\/span><\/p>\n<p>[\/vc_column_text][vc_empty_space height=\u00bb4em\u00bb][vc_btn title=\u00bbPlan de Estudios &#8211; Listado de Asignaturas\u00bb style=\u00bbclassic\u00bb size=\u00bblg\u00bb align=\u00bbleft\u00bb link=\u00bburl:http%3A%2F%2Fwww.eam.iua.edu.ar%2Feam%2Fwp-content%2Fuploads%2F2021%2F01%2FPLAN-DE-ESTUDIOS.pdf|title:PLAN%20DE%20ESTUDIOS|target:%20_blank|\u00bb][vc_empty_space height=\u00bb4em\u00bb][\/vc_column][\/vc_row][vc_row full_width=\u00bbstretch_row\u00bb equal_height=\u00bbyes\u00bb content_placement=\u00bbtop\u00bb][vc_column width=\u00bb1\/2&#8243;]<figure class=\"sc_image  sc_image_shape_square\"><img decoding=\"async\" src=\"http:\/\/www.eam.iua.edu.ar\/eam\/wp-content\/uploads\/2017\/08\/Supervivencia-Mar2.jpg\" alt=\"\" \/><\/figure>[\/vc_column][vc_column width=\u00bb1\/2&#8243; css=\u00bb.vc_custom_1507219982339{padding-right: 2em !important;padding-left: 2em !important;}\u00bb]<h3 class=\"sc_title sc_title_regular with_star\">Plan de Instrucci\u00f3n<\/h3>[vc_empty_space height=\u00bb3em\u00bb][vc_column_text]<\/p>\n<p style=\"text-align: justify;\">La capacitaci\u00f3n profesional de los Cadetes incluye una amplia gama de aspectos intelectuales y militares. Este aprendizaje est\u00e1 guiado por un Oficial Instructor con experiencia en la participaci\u00f3n de las asignaturas.<\/p>\n<p style=\"text-align: justify;\">Dentro de las actividades realizadas por los mismo, para dar cumplimiento a la parte pr\u00e1ctica de la capacitaci\u00f3n profesional recibida, se realizan ejercicios de supervivencia en monta\u00f1a, selva, desierto y mar.<\/p>\n<p>[\/vc_column_text][vc_empty_space height=\u00bb2em\u00bb][vc_btn title=\u00bbPlan Curricular de Instrucci\u00f3n\u00bb style=\u00bbclassic\u00bb size=\u00bblg\u00bb align=\u00bbcenter\u00bb link=\u00bburl:http%3A%2F%2Fwww.eam.iua.edu.ar%2Feam%2Fformacion-de-cadete%2F%23instruccion|title:Formaci%C3%B3n%20del%20Cadete|target:%20_blank|\u00bb][\/vc_column][\/vc_row][vc_row full_width=\u00bbstretch_row\u00bb][vc_column][vc_empty_space height=\u00bb4em\u00bb]<h3 class=\"sc_title sc_title_regular with_star\">Deportes<\/h3>[vc_empty_space height=\u00bb3em\u00bb][vc_column_text]<\/p>\n<p style=\"text-align: justify;\"><span class=\"fontstyle0\">El entrenamiento f\u00edsico\u00a0<\/span>del Cadete tiene como objetivo desarrollar\u00a0 las capacidades motoras necesarias para desempe\u00f1arse eficientemente durante su formaci\u00f3n militar.<\/p>\n<p style=\"text-align: justify;\"><span class=\"fontstyle0\">A trav\u00e9s de la competencia deportiva, se busca promover la integraci\u00f3n y relaci\u00f3n con el medio social del Cadete. Asimismo, generar un h\u00e1bito de disciplina para el cuidado y entrenamiento f\u00edsico en relaci\u00f3n a las exigencias que demandar\u00e1 la futura vida militar como Oficial de la Fuerza A\u00e9rea Argentina.<\/span><\/p>\n<p>[\/vc_column_text][vc_empty_space height=\u00bb1em\u00bb][vc_btn title=\u00bbVer m\u00e1s\u00bb style=\u00bbclassic\u00bb size=\u00bblg\u00bb align=\u00bbright\u00bb link=\u00bburl:http%3A%2F%2Fwww.eam.iua.edu.ar%2Feam%2Fformacion-de-cadete%2F||target:%20_blank|\u00bb][vc_empty_space height=\u00bb1em\u00bb][vc_row_inner content_placement=\u00bbtop\u00bb css=\u00bb.vc_custom_1508860029840{background-image: url(http:\/\/www.eam.iua.edu.ar\/eam\/wp-content\/uploads\/2017\/08\/DSC04175-e1508859996994.jpg?id=3757) !important;}\u00bb el_class=\u00bbrugby\u00bb][vc_column_inner][vc_empty_space height=\u00bb5em\u00bb][\/vc_column_inner][\/vc_row_inner][\/vc_column][\/vc_row][vc_row][vc_column][vc_empty_space height=\u00bb4em\u00bb]<h3 class=\"sc_title sc_title_regular  sc_align_center\" style=\"text-align:center;\"><\/p>\n<h1 style=\"text-align: center;\">Proyecci\u00f3n Profesional<\/h1>\n<p><\/h3><h3 class=\"sc_title sc_title_regular  sc_align_center\" style=\"text-transform: initial;text-align:center;color:#a6272e;font-size:1.3em;\"><\/p>\n<p style=\"text-align: center;\"><span class=\"fontstyle0\">Las Especialidades se realizan con posterioridad al egreso como Alf\u00e9rez<br \/>\n(Oficial de la Fuerza A\u00e9rea Argentina)<\/span><\/h3>[vc_empty_space height=\u00bb2em\u00bb][\/vc_column][\/vc_row][vc_row equal_height=\u00bbyes\u00bb][vc_column width=\u00bb1\/3&#8243;]<h6 class=\"sc_title sc_title_regular  sc_align_center\" style=\"background-color:#dddddd; padding: 1em;text-align:center;font-weight:400;\">Escalaf\u00f3n Aire<\/h6>[vc_empty_space height=\u00bb4em\u00bb][vc_column_text]Aviador Militar<\/p>\n<ul>\n<li>Piloto de caza<\/li>\n<li>Piloto de Transporte<\/li>\n<li>Piloto de Helic\u00f3ptero<\/li>\n<\/ul>\n<p>[\/vc_column_text][vc_empty_space height=\u00bb4em\u00bb][\/vc_column][vc_column width=\u00bb1\/3&#8243;]<h6 class=\"sc_title sc_title_regular  sc_align_center\" style=\"background-color:#dddddd;padding: 1em;text-align:center;font-weight:400;\">Escalaf\u00f3n General<\/h6>[vc_empty_space height=\u00bb4em\u00bb][vc_column_text]<span class=\"fontstyle0\">Comunicaciones<\/span><\/p>\n<p><span class=\"fontstyle0\">Vigilancia y control Aeroespacial<\/span><\/p>\n<p><span class=\"fontstyle0\">Defensa antia\u00e9rea<\/span><\/p>\n<p><span class=\"fontstyle0\">Operaciones especiales y de defensa<\/span><\/p>\n<p><span class=\"fontstyle0\">Abastecimiento<\/span><\/p>\n<p><span class=\"fontstyle0\">Inteligencia<\/span><\/p>\n<p><span class=\"fontstyle0\">Navegador Militar<\/span><\/p>\n<p><span class=\"fontstyle0\">Exploraci\u00f3n y reconocimiento\u00a0<\/span><span class=\"fontstyle0\">Aeroespacial<\/span><\/p>\n<p><span class=\"fontstyle0\">Tr\u00e1nsito a\u00e9reo<\/span><\/p>\n<p><span class=\"fontstyle0\">Meteorolog\u00eda<\/span><\/p>\n<p><span class=\"fontstyle0\">Administraci\u00f3n Financiera<\/span><\/p>\n<p>Operador SANT por Operador de Sistemas A\u00e9reos Militares Remotamente Piloteados (SAMIRP)[\/vc_column_text][\/vc_column][vc_column width=\u00bb1\/3&#8243;]<h6 class=\"sc_title sc_title_regular  sc_align_center\" style=\"background-color:#dddddd;padding: 1em;text-align:center;font-weight:400;\">Escalaf\u00f3n T\u00e9cnico<\/h6>[vc_empty_space height=\u00bb4em\u00bb][vc_column_text]<span class=\"fontstyle0\">Ingeniero Aeron\u00e1utico<\/span><\/p>\n<p><span class=\"fontstyle0\">Ingeniero Electr\u00f3nico<\/span>[\/vc_column_text][\/vc_column][\/vc_row][vc_row equal_height=\u00bbyes\u00bb][vc_column][vc_empty_space height=\u00bb4em\u00bb][vc_btn title=\u00bbVer m\u00e1s\u00bb style=\u00bbclassic\u00bb size=\u00bblg\u00bb align=\u00bbright\u00bb link=\u00bburl:http%3A%2F%2Fwww.eam.iua.edu.ar%2Feam%2Fproyeccion-profesional%2F||target:%20_blank|\u00bb][\/vc_column][\/vc_row][vc_row full_width=\u00bbstretch_row\u00bb css=\u00bb.vc_custom_1748634757009{background-image: url(http:\/\/www.eam.iua.edu.ar\/eam\/wp-content\/uploads\/2017\/08\/torres.jpg?id=725) !important;background-position: center !important;background-repeat: no-repeat !important;background-size: cover !important;}\u00bb el_class=\u00bbfrases\u00bb][vc_column width=\u00bb1\/2&#8243; css=\u00bb.vc_custom_1505998033881{background-image: url(http:\/\/www.eam.iua.edu.ar\/eam\/wp-content\/uploads\/2015\/07\/conducta.png?id=1839) !important;background-position: 0 0 !important;background-repeat: no-repeat !important;}\u00bb][vc_empty_space height=\u00bb4em\u00bb]<figure class=\"sc_image  alignright sc_image_shape_square\" style=\"width:70%;\"><img decoding=\"async\" src=\"http:\/\/www.eam.iua.edu.ar\/eam\/wp-content\/uploads\/2017\/08\/04.png\" alt=\"\" \/><\/figure>[vc_empty_space height=\u00bb4em\u00bb][\/vc_column][vc_column width=\u00bb1\/2&#8243;][\/vc_column][\/vc_row]<\/p>\n","protected":false},"excerpt":{"rendered":"<p>[vc_row full_width=\u00bbstretch_row_content_no_spaces\u00bb][vc_column][vc_empty_space height=\u00bb5em\u00bb][vc_column_text] CARRERA DE OFICIAL DE LA FUERZA A\u00c9REA ARGENTINA [\/vc_column_text][\/vc_column][\/vc_row][vc_row full_width=\u00bbstretch_row\u00bb][vc_column][vc_empty_space height=\u00bb5em\u00bb][vc_row_inner equal_height=\u00bbyes\u00bb][vc_column_inner width=\u00bb1\/2&#8243; css=\u00bb.vc_custom_1748607577317{border-right-width: 20px !important;background-image: url(http:\/\/www.eam.iua.edu.ar\/eam\/wp-content\/uploads\/2025\/05\/F-16_SLOGAN_square-reemplazo-Pucara-1.webp?id=14577) !important;background-position: center !important;background-repeat: no-repeat !important;background-size: cover !important;border-right-color: #b22d2e !important;border-right-style: solid !important;}\u00bb][\/vc_column_inner][vc_column_inner width=\u00bb1\/2&#8243;][vc_column_text css=\u00bb.vc_custom_1508341739303{padding-right: 3em !important;padding-left: 3em !important;}\u00bb] La Carrera que brinda la EAM consta de un Plan de Ense\u00f1anza de 4 a\u00f1os, durante los cuales [&hellip;]<\/p>\n","protected":false},"author":1,"featured_media":0,"parent":0,"menu_order":0,"comment_status":"closed","ping_status":"closed","template":"","meta":{"_joinchat":[],"footnotes":""},"class_list":["post-692","page","type-page","status-publish","hentry"],"_links":{"self":[{"href":"http:\/\/www.eam.iua.edu.ar\/eam\/wp-json\/wp\/v2\/pages\/692","targetHints":{"allow":["GET"]}}],"collection":[{"href":"http:\/\/www.eam.iua.edu.ar\/eam\/wp-json\/wp\/v2\/pages"}],"about":[{"href":"http:\/\/www.eam.iua.edu.ar\/eam\/wp-json\/wp\/v2\/types\/page"}],"author":[{"embeddable":true,"href":"http:\/\/www.eam.iua.edu.ar\/eam\/wp-json\/wp\/v2\/users\/1"}],"replies":[{"embeddable":true,"href":"http:\/\/www.eam.iua.edu.ar\/eam\/wp-json\/wp\/v2\/comments?post=692"}],"version-history":[{"count":185,"href":"http:\/\/www.eam.iua.edu.ar\/eam\/wp-json\/wp\/v2\/pages\/692\/revisions"}],"predecessor-version":[{"id":14599,"href":"http:\/\/www.eam.iua.edu.ar\/eam\/wp-json\/wp\/v2\/pages\/692\/revisions\/14599"}],"wp:attachment":[{"href":"http:\/\/www.eam.iua.edu.ar\/eam\/wp-json\/wp\/v2\/media?parent=692"}],"curies":[{"name":"wp","href":"https:\/\/api.w.org\/{rel}","templated":true}]}}