{"id":7837,"date":"2019-06-18T07:53:01","date_gmt":"2019-06-18T10:53:01","guid":{"rendered":"http:\/\/www.eam.iua.edu.ar\/eam\/?page_id=7837"},"modified":"2025-09-25T13:28:23","modified_gmt":"2025-09-25T16:28:23","slug":"acceso-al-aula-virtual","status":"publish","type":"page","link":"http:\/\/www.eam.iua.edu.ar\/eam\/acceso-al-aula-virtual\/","title":{"rendered":"Acceso al aula virtual"},"content":{"rendered":"<p>[vc_row disable_element=\u00bbyes\u00bb css=\u00bb.vc_custom_1629486429353{padding-right: 2em !important;}\u00bb][vc_column]<div class=\"sc_section\"><div class=\"sc_section_inner\"><div class=\"sc_infobox sc_infobox_style_regular sc_infobox_iconed icon-book\">[vc_column_text css=\u00bb.vc_custom_1610979235699{padding-right: 2em !important;padding-left: 1em !important;}\u00bb]<\/p>\n<p style=\"text-align: justify;\">La generaci\u00f3n de nuevos usuarios para el <strong>AULA VIRTUAL DE APOYO AL CANDIDATO<\/strong> est\u00e1 <strong>desactivada<\/strong> hasta el nuevo per\u00edodo de inscripci\u00f3n para el ingreso <strong>2022<\/strong>.<\/p>\n<p>Si ya cuenta con usuario y contrase\u00f1a, puede acceder al aula desde el siguiente bot\u00f3n:[\/vc_column_text]<\/div><\/div><\/div>[vc_empty_space height=\u00bb3em\u00bb]<a href=\"https:\/\/aula2.iua.edu.ar\/acceso.cgi\" target=\"new\" class=\"sc_button sc_button_square sc_button_style_filled sc_button_bg_link sc_button_size_medium aligncenter\" style=\"width:40%;\">AULA VIRTUAL<\/a>[vc_empty_space height=\u00bb3em\u00bb][vc_column_text css=\u00bb.vc_custom_1610979333013{padding-right: 2em !important;padding-left: 1em !important;}\u00bb]<\/p>\n<p style=\"text-align: justify;\">Por inconvenientes t\u00e9cnicos, enviar un mail con captura de pantalla del error a <a href=\"mailto:aulavirtualapoyoedu@eam.iua.edu.ar\">aulavirtualapoyoedu@eam.iua.edu.ar<\/a><\/p>\n<p>[\/vc_column_text][\/vc_column][\/vc_row][vc_row css=\u00bb.vc_custom_1629486439530{padding-right: 2em !important;}\u00bb][vc_column]<div class=\"sc_section\"><div class=\"sc_section_inner\"><div class=\"sc_infobox sc_infobox_style_regular sc_infobox_iconed icon-book\">[vc_column_text css=\u00bb.vc_custom_1687785344209{padding-right: 2em !important;padding-left: 1em !important;}\u00bb]Bienvenido\/a al Aula Virtual de Apoyo al Ingreso. Este es un espacio gratuito que est\u00e1 destinado a quienes inicien su preparaci\u00f3n para incorporarse a la Carrera de Oficial de la Fuerza A\u00e9rea Argentina.<br \/>\nEncontrar\u00e1 clases, videos explicativos, actividades de autoevaluaci\u00f3n, modelos de ex\u00e1menes, etc. que facilitar\u00e1n el estudio de las asignaturas Historia, Lengua y Literatura, Matem\u00e1tica y F\u00edsica e Ingl\u00e9s.<br \/>\nSer miembro del espacio no es obligatorio pero s\u00ed recomendable para aprender y reforzar sus conocimientos.[\/vc_column_text]<\/div><\/div><\/div>[vc_row_inner][vc_column_inner][vc_empty_space height=\u00bb3em\u00bb][vc_column_text css=\u00bb.vc_custom_1748262991394{padding-right: 3em !important;padding-left: 3em !important;}\u00bb]<\/p>\n<h5>\u00bfC\u00f3mo ingreso al Aula Virtual?<\/h5>\n<p>&nbsp;<\/p>\n<p>1.\u00a0\u00a0\u00a0\u00a0\u00a0\u00a0 Gestione el acceso al Aula Virtual desde<a href=\"https:\/\/campus.eam.iua.edu.ar\/\"> https:\/\/campus.eam.iua.edu.ar\/<\/a> y presione <em>ACCEDER<\/em> (en la parte superior derecha de la p\u00e1gina).<\/p>\n<p>2.\u00a0\u00a0\u00a0\u00a0\u00a0\u00a0 Elija la opci\u00f3n CREAR NUEVA CUENTA (bot\u00f3n naranja) y rellene todos los campos requeridos <strong>(se recomienda colocar su DNI como nombre de usuario y que su email sea de Gmail. Ambos datos deben ser reales y estar bien escritos)<\/strong>. Presione CONTINUAR.<\/p>\n<p>3.\u00a0\u00a0\u00a0\u00a0\u00a0\u00a0 Le aparecer\u00e1 un mensaje informando que la cuenta ya fue creada y encontrar\u00e1 dicha confirmaci\u00f3n en su correo (revisar carpeta de spam).<\/p>\n<p>4.\u00a0\u00a0\u00a0\u00a0\u00a0\u00a0 Volver a <a href=\"https:\/\/campus.eam.iua.edu.ar\/\">https:\/\/campus.eam.iua.edu.ar\/<\/a>, acceder con el usuario y contrase\u00f1a recientemente generados y presionar en <em>AULA DE APOYO AL INGRESO.<\/em><\/p>\n<p>5.\u00a0\u00a0\u00a0\u00a0\u00a0\u00a0 Haciendo clic en<em> MATRICULARME <\/em>(bot\u00f3n naranja) podr\u00e1 comenzar a recorrer el Aula.<\/p>\n<p>[\/vc_column_text][\/vc_column_inner][\/vc_row_inner][vc_empty_space height=\u00bb3em\u00bb][vc_row_inner equal_height=\u00bbyes\u00bb content_placement=\u00bbmiddle\u00bb css=\u00bb.vc_custom_1599578712952{border-top-width: 2px !important;border-right-width: 2px !important;border-left-width: 2px !important;padding-top: 2em !important;border-left-color: #000033 !important;border-left-style: solid !important;border-right-color: #000033 !important;border-right-style: solid !important;border-top-color: #000033 !important;border-top-style: solid !important;}\u00bb][vc_column_inner css=\u00bb.vc_custom_1599577141191{border-top-width: 2px !important;border-right-width: 2px !important;border-left-width: 2px !important;border-left-color: #000033 !important;border-right-color: #000033 !important;border-top-color: #000033 !important;}\u00bb]<span class=\"sc_icon icon-user sc_icon_shape_round aligncenter\" style=\"font-size:2em; line-height: 1.2em;\"><\/span>[vc_column_text css=\u00bb.vc_custom_1629497387270{padding-right: 3em !important;padding-left: 3em !important;}\u00bb]<\/p>\n<p style=\"text-align: center;\">Si ya se recibi\u00f3 el usuario y contrase\u00f1a acceder al aula desde el siguiente enlace:<\/p>\n<p>[\/vc_column_text][vc_empty_space]<a href=\"http:\/\/campus.eam.iua.edu.ar\/course\/view.php?id=7\" target=\"new\" class=\"sc_button sc_button_square sc_button_style_filled sc_button_bg_link sc_button_size_medium aligncenter\" style=\"width:40%;\">AULA VIRTUAL<\/a>[vc_empty_space][vc_column_text css=\u00bb.vc_custom_1748262962179{padding-right: 3em !important;padding-left: 3em !important;}\u00bb]<\/p>\n<p style=\"text-align: justify;\">Por inconvenientes t\u00e9cnicos, enviar un mail con captura de pantalla del error a <a href=\"mailto:aulavirtualapoyoedu@eam.iua.edu.ar\">aulavirtualapoyoedu@eam.iua.edu.ar<\/a><\/p>\n<p style=\"text-align: justify;\">Por consultas en general sobre contenidos, actividades, ect. enviar mail a: <a href=\"mailto:aulavirtualingresoeam@gmail.com\">aulavirtualingresoeam@gmail.com<\/a><\/p>\n<p>[\/vc_column_text][\/vc_column_inner][\/vc_row_inner][vc_row_inner equal_height=\u00bbyes\u00bb content_placement=\u00bbmiddle\u00bb css=\u00bb.vc_custom_1748018879143{border-right-width: 2px !important;border-bottom-width: 2px !important;border-left-width: 2px !important;padding-bottom: 2em !important;border-left-color: #000033 !important;border-left-style: solid !important;border-right-color: #000033 !important;border-right-style: solid !important;border-bottom-color: #000033 !important;border-bottom-style: solid !important;}\u00bb][vc_column_inner css=\u00bb.vc_custom_1599577155633{border-top-width: 2px !important;border-right-width: 2px !important;border-left-width: 2px !important;border-left-color: #000033 !important;border-right-color: #000033 !important;border-top-color: #000033 !important;}\u00bb][vc_column_text css=\u00bb.vc_custom_1748018813962{padding-right: 2em !important;padding-left: 2em !important;}\u00bb][\/vc_column_text][\/vc_column_inner][\/vc_row_inner][vc_row_inner equal_height=\u00bbyes\u00bb content_placement=\u00bbmiddle\u00bb disable_element=\u00bbyes\u00bb css=\u00bb.vc_custom_1748019107229{border-right-width: 2px !important;border-bottom-width: 2px !important;border-left-width: 2px !important;padding-bottom: 2em !important;border-left-color: #000033 !important;border-left-style: solid !important;border-right-color: #000033 !important;border-right-style: solid !important;border-bottom-color: #000033 !important;border-bottom-style: solid !important;}\u00bb][vc_column_inner css=\u00bb.vc_custom_1599577155633{border-top-width: 2px !important;border-right-width: 2px !important;border-left-width: 2px !important;border-left-color: #000033 !important;border-right-color: #000033 !important;border-top-color: #000033 !important;}\u00bb][vc_column_text css=\u00bb.vc_custom_1748018813962{padding-right: 2em !important;padding-left: 2em !important;}\u00bb][\/vc_column_text][vc_empty_space height=\u00bb3em\u00bb]\n<div class=\"wpcf7 no-js\" id=\"wpcf7-f8162-o1\" lang=\"es-AR\" dir=\"ltr\" data-wpcf7-id=\"8162\">\n<div class=\"screen-reader-response\"><p role=\"status\" aria-live=\"polite\" aria-atomic=\"true\"><\/p> <ul><\/ul><\/div>\n<form action=\"\/eam\/wp-json\/wp\/v2\/pages\/7837#wpcf7-f8162-o1\" method=\"post\" class=\"wpcf7-form init\" aria-label=\"Formulario de contacto\" novalidate=\"novalidate\" data-status=\"init\">\n<div style=\"display: none;\">\n<input type=\"hidden\" name=\"_wpcf7\" value=\"8162\" \/>\n<input type=\"hidden\" name=\"_wpcf7_version\" value=\"6.0.6\" \/>\n<input type=\"hidden\" name=\"_wpcf7_locale\" value=\"es_AR\" \/>\n<input type=\"hidden\" name=\"_wpcf7_unit_tag\" value=\"wpcf7-f8162-o1\" \/>\n<input type=\"hidden\" name=\"_wpcf7_container_post\" value=\"0\" \/>\n<input type=\"hidden\" name=\"_wpcf7_posted_data_hash\" value=\"\" \/>\n<input type=\"hidden\" name=\"_wpcf7cf_hidden_group_fields\" value=\"[]\" \/>\n<input type=\"hidden\" name=\"_wpcf7cf_hidden_groups\" value=\"[]\" \/>\n<input type=\"hidden\" name=\"_wpcf7cf_visible_groups\" value=\"[]\" \/>\n<input type=\"hidden\" name=\"_wpcf7cf_repeaters\" value=\"[]\" \/>\n<input type=\"hidden\" name=\"_wpcf7cf_steps\" value=\"{}\" \/>\n<input type=\"hidden\" name=\"_wpcf7cf_options\" value=\"{&quot;form_id&quot;:8162,&quot;conditions&quot;:[],&quot;settings&quot;:{&quot;animation&quot;:&quot;yes&quot;,&quot;animation_intime&quot;:200,&quot;animation_outtime&quot;:200,&quot;conditions_ui&quot;:&quot;normal&quot;,&quot;notice_dismissed&quot;:false,&quot;notice_dismissed_update-cf7-5.4.1&quot;:true,&quot;notice_dismissed_update-cf7-5.4.2&quot;:true}}\" \/>\n<\/div>\n<p><label> Nombre (obligatorio)<br \/>\n<span class=\"wpcf7-form-control-wrap\" data-name=\"nombre\"><input size=\"40\" maxlength=\"400\" class=\"wpcf7-form-control wpcf7-text wpcf7-validates-as-required\" aria-required=\"true\" aria-invalid=\"false\" value=\"\" type=\"text\" name=\"nombre\" \/><\/span> <\/label><br \/>\n<label> Apellido (obligatorio)<br \/>\n<span class=\"wpcf7-form-control-wrap\" data-name=\"apellido\"><input size=\"40\" maxlength=\"400\" class=\"wpcf7-form-control wpcf7-text wpcf7-validates-as-required\" aria-required=\"true\" aria-invalid=\"false\" value=\"\" type=\"text\" name=\"apellido\" \/><\/span> <\/label>\n<\/p>\n<p><label> Email (obligatorio)<br \/>\n<span class=\"wpcf7-form-control-wrap\" data-name=\"email\"><input size=\"40\" maxlength=\"400\" class=\"wpcf7-form-control wpcf7-email wpcf7-validates-as-required wpcf7-text wpcf7-validates-as-email\" aria-required=\"true\" aria-invalid=\"false\" value=\"\" type=\"email\" name=\"email\" \/><\/span> <\/label>\n<\/p>\n<p><label> DNI: SIN PUNTOS (obligatorio)<br \/>\n<span class=\"wpcf7-form-control-wrap\" data-name=\"documento\"><input class=\"wpcf7-form-control wpcf7-number wpcf7-validates-as-required wpcf7-validates-as-number\" id=\"dniapoyo\" min=\"11111111\" max=\"999999999\" aria-required=\"true\" aria-invalid=\"false\" value=\"\" type=\"number\" name=\"documento\" \/><\/span><\/label>\n<\/p>\n<p><span id=\"wpcf7-69f3d5da9e614-wrapper\" class=\"wpcf7-form-control-wrap honeypot-891-wrap\" style=\"display:none !important; visibility:hidden !important;\"><label for=\"wpcf7-69f3d5da9e614-field\" class=\"hp-message\">Please leave this field empty.<\/label><input id=\"wpcf7-69f3d5da9e614-field\"  class=\"wpcf7-form-control wpcf7-text\" type=\"text\" name=\"honeypot-891\" value=\"\" size=\"40\" tabindex=\"-1\" autocomplete=\"off\" \/><\/span>\n<\/p>\n<p><input class=\"wpcf7-form-control wpcf7-submit has-spinner\" type=\"submit\" value=\"Enviar\" \/>\n<\/p><input type='hidden' class='wpcf7-pum' value='{\"closepopup\":false,\"closedelay\":0,\"openpopup\":false,\"openpopup_id\":0}' \/><div class=\"wpcf7-response-output\" aria-hidden=\"true\"><\/div>\n<\/form>\n<\/div>\n[\/vc_column_inner][\/vc_row_inner][\/vc_column][\/vc_row]<\/p>\n","protected":false},"excerpt":{"rendered":"<p>[vc_row disable_element=\u00bbyes\u00bb css=\u00bb.vc_custom_1629486429353{padding-right: 2em !important;}\u00bb][vc_column][vc_empty_space height=\u00bb3em\u00bb][vc_empty_space height=\u00bb3em\u00bb][vc_column_text css=\u00bb.vc_custom_1610979333013{padding-right: 2em !important;padding-left: 1em !important;}\u00bb] Por inconvenientes t\u00e9cnicos, enviar un mail con captura de pantalla del error a aulavirtualapoyoedu@eam.iua.edu.ar [\/vc_column_text][\/vc_column][\/vc_row][vc_row css=\u00bb.vc_custom_1629486439530{padding-right: 2em !important;}\u00bb][vc_column][vc_row_inner][vc_column_inner][vc_empty_space height=\u00bb3em\u00bb][vc_column_text css=\u00bb.vc_custom_1748262991394{padding-right: 3em !important;padding-left: 3em !important;}\u00bb] \u00bfC\u00f3mo ingreso al Aula Virtual? &nbsp; 1.\u00a0\u00a0\u00a0\u00a0\u00a0\u00a0 Gestione el acceso al Aula Virtual desde https:\/\/campus.eam.iua.edu.ar\/ y presione ACCEDER (en [&hellip;]<\/p>\n","protected":false},"author":1,"featured_media":2750,"parent":0,"menu_order":0,"comment_status":"closed","ping_status":"closed","template":"","meta":{"_joinchat":[],"footnotes":""},"class_list":["post-7837","page","type-page","status-publish","has-post-thumbnail","hentry"],"_links":{"self":[{"href":"http:\/\/www.eam.iua.edu.ar\/eam\/wp-json\/wp\/v2\/pages\/7837","targetHints":{"allow":["GET"]}}],"collection":[{"href":"http:\/\/www.eam.iua.edu.ar\/eam\/wp-json\/wp\/v2\/pages"}],"about":[{"href":"http:\/\/www.eam.iua.edu.ar\/eam\/wp-json\/wp\/v2\/types\/page"}],"author":[{"embeddable":true,"href":"http:\/\/www.eam.iua.edu.ar\/eam\/wp-json\/wp\/v2\/users\/1"}],"replies":[{"embeddable":true,"href":"http:\/\/www.eam.iua.edu.ar\/eam\/wp-json\/wp\/v2\/comments?post=7837"}],"version-history":[{"count":70,"href":"http:\/\/www.eam.iua.edu.ar\/eam\/wp-json\/wp\/v2\/pages\/7837\/revisions"}],"predecessor-version":[{"id":14490,"href":"http:\/\/www.eam.iua.edu.ar\/eam\/wp-json\/wp\/v2\/pages\/7837\/revisions\/14490"}],"wp:featuredmedia":[{"embeddable":true,"href":"http:\/\/www.eam.iua.edu.ar\/eam\/wp-json\/wp\/v2\/media\/2750"}],"wp:attachment":[{"href":"http:\/\/www.eam.iua.edu.ar\/eam\/wp-json\/wp\/v2\/media?parent=7837"}],"curies":[{"name":"wp","href":"https:\/\/api.w.org\/{rel}","templated":true}]}}